{"id":14,"date":"2024-02-12T06:51:40","date_gmt":"2024-02-12T06:51:40","guid":{"rendered":"https:\/\/tradeaiintal.com\/?page_id=14"},"modified":"2025-12-18T06:29:04","modified_gmt":"2025-12-18T06:29:04","slug":"acerca-de-nosotros","status":"publish","type":"page","link":"https:\/\/tradeaiintal.com\/es\/about-us\/","title":{"rendered":"Sobre nosotros"},"content":{"rendered":"<div data-elementor-type=\"wp-page\" data-elementor-id=\"14\" class=\"elementor elementor-14\" data-elementor-post-type=\"page\">\n\t\t\t\t<div class=\"elementor-element elementor-element-93a1cc4 e-flex e-con-boxed e-con e-parent\" data-id=\"93a1cc4\" data-element_type=\"container\" data-e-type=\"container\" data-settings=\"{&quot;background_background&quot;:&quot;classic&quot;}\">\n\t\t\t\t\t<div class=\"e-con-inner\">\n\t\t<div class=\"elementor-element elementor-element-39c447c e-con-full e-flex e-con e-child\" data-id=\"39c447c\" data-element_type=\"container\" data-e-type=\"container\">\n\t\t\t\t<div class=\"elementor-element elementor-element-33455bf elementor-widget elementor-widget-heading\" data-id=\"33455bf\" data-element_type=\"widget\" data-e-type=\"widget\" data-widget_type=\"heading.default\">\n\t\t\t\t\t<h1 class=\"elementor-heading-title elementor-size-default\">Trader Ai Intal - Powered by Trader Ai Intal | Qui\u00e9nes somos<\/h1>\t\t\t\t<\/div>\n\t\t\t\t<div class=\"elementor-element elementor-element-8e6fbfb elementor-widget-divider--view-line elementor-widget elementor-widget-divider\" data-id=\"8e6fbfb\" data-element_type=\"widget\" data-e-type=\"widget\" data-widget_type=\"divider.default\">\n\t\t\t\t\t\t\t<div class=\"elementor-divider\">\n\t\t\t<span class=\"elementor-divider-separator\">\n\t\t\t\t\t\t<\/span>\n\t\t<\/div>\n\t\t\t\t\t\t<\/div>\n\t\t\t\t<\/div>\n\t\t<div class=\"elementor-element elementor-element-55e49be e-con-full e-flex e-con e-child\" data-id=\"55e49be\" data-element_type=\"container\" data-e-type=\"container\">\n\t\t<div class=\"elementor-element elementor-element-e5b2315 e-con-full e-flex e-con e-child\" data-id=\"e5b2315\" data-element_type=\"container\" data-e-type=\"container\">\n\t\t\t\t<div class=\"elementor-element elementor-element-ad948e2 elementor-widget elementor-widget-heading\" data-id=\"ad948e2\" data-element_type=\"widget\" data-e-type=\"widget\" data-widget_type=\"heading.default\">\n\t\t\t\t\t<h2 class=\"elementor-heading-title elementor-size-default\">M\u00e1s informaci\u00f3n sobre lo que hace Trader Ai Intal<\/h2>\t\t\t\t<\/div>\n\t\t\t\t<div class=\"elementor-element elementor-element-ab3a44d elementor-widget elementor-widget-text-editor\" data-id=\"ab3a44d\" data-element_type=\"widget\" data-e-type=\"widget\" data-widget_type=\"text-editor.default\">\n\t\t\t\t\t\t\t\t\t<p>El sitio web oficial de Trader Ai Intal y la aplicaci\u00f3n Trader Ai Intal revisan y eval\u00faan constantemente los mercados financieros a escala mundial.  Trabajamos sin descanso, 24 horas al d\u00eda, para descubrir los mejores socios comerciales posibles para usted.  Adem\u00e1s, investigamos y descubrimos servicios de confianza para ayudar a los operadores de todos los niveles a encontrar los corredores adecuados.  Especializados en Activos Digitales y en los mercados de Inversiones de Renta Variable, actuamos como herramienta de marketing, presentando a traders individuales a nuestros brokers de confianza.  Tan pronto como se una a nosotros, le verificaremos y le transferiremos a uno de nuestros brokers asociados que se ajuste a sus necesidades de trading.<\/p>\t\t\t\t\t\t\t\t<\/div>\n\t\t\t\t<\/div>\n\t\t<div class=\"elementor-element elementor-element-b718e04 e-con-full e-flex e-con e-child\" data-id=\"b718e04\" data-element_type=\"container\" data-e-type=\"container\">\n\t\t\t\t<div class=\"elementor-element elementor-element-3128100 elementor-widget elementor-widget-image\" data-id=\"3128100\" data-element_type=\"widget\" data-e-type=\"widget\" data-widget_type=\"image.default\">\n\t\t\t\t\t\t\t\t\t\t\t\t\t\t\t<img fetchpriority=\"high\" decoding=\"async\" width=\"404\" height=\"274\" src=\"https:\/\/tradeaiintal.com\/wp-content\/uploads\/2024\/02\/about_vector.svg\" class=\"attachment-full size-full wp-image-281\" alt=\"\" \/>\t\t\t\t\t\t\t\t\t\t\t\t\t\t\t<\/div>\n\t\t\t\t<\/div>\n\t\t\t\t<\/div>\n\t\t\t\t\t<\/div>\n\t\t\t\t<\/div>\n\t\t<div class=\"elementor-element elementor-element-002595f e-flex e-con-boxed e-con e-parent\" data-id=\"002595f\" data-element_type=\"container\" data-e-type=\"container\">\n\t\t\t\t\t<div class=\"e-con-inner\">\n\t\t<div class=\"elementor-element elementor-element-28347ae e-flex e-con-boxed e-con e-child\" data-id=\"28347ae\" data-element_type=\"container\" data-e-type=\"container\">\n\t\t\t\t\t<div class=\"e-con-inner\">\n\t\t\t\t<div class=\"elementor-element elementor-element-04f52ba elementor-widget elementor-widget-heading\" data-id=\"04f52ba\" data-element_type=\"widget\" data-e-type=\"widget\" data-widget_type=\"heading.default\">\n\t\t\t\t\t<h2 class=\"elementor-heading-title elementor-size-default\">C\u00f3mo ponemos en contacto a inversores y agentes<\/h2>\t\t\t\t<\/div>\n\t\t\t\t<div class=\"elementor-element elementor-element-61ff4a9 elementor-widget elementor-widget-text-editor\" data-id=\"61ff4a9\" data-element_type=\"widget\" data-e-type=\"widget\" data-widget_type=\"text-editor.default\">\n\t\t\t\t\t\t\t\t\t<p>Adem\u00e1s de nuestra propia investigaci\u00f3n individual, Trader Ai Intal utiliza algoritmos muy avanzados y competentes para emparejarte con proveedores financieros y\/o brokers.  Tambi\u00e9n es bueno saber que muchos de nuestros corredores asociados ofrecen herramientas de negociaci\u00f3n avanzadas, como instrumentos automatizados para ayudarle, junto con un excelente servicio de atenci\u00f3n al cliente.  Creemos que nuestros clientes son lo primero, y queremos que disfrute de una experiencia positiva.<\/p>\t\t\t\t\t\t\t\t<\/div>\n\t\t\t\t\t<\/div>\n\t\t\t\t<\/div>\n\t\t<div class=\"elementor-element elementor-element-c7c155d e-flex e-con-boxed e-con e-child\" data-id=\"c7c155d\" data-element_type=\"container\" data-e-type=\"container\">\n\t\t\t\t\t<div class=\"e-con-inner\">\n\t\t\t\t<div class=\"elementor-element elementor-element-19ecd12 elementor-widget elementor-widget-heading\" data-id=\"19ecd12\" data-element_type=\"widget\" data-e-type=\"widget\" data-widget_type=\"heading.default\">\n\t\t\t\t\t<h2 class=\"elementor-heading-title elementor-size-default\">El poder de la tecnolog\u00eda<\/h2>\t\t\t\t<\/div>\n\t\t\t\t<div class=\"elementor-element elementor-element-686ec16 elementor-widget elementor-widget-text-editor\" data-id=\"686ec16\" data-element_type=\"widget\" data-e-type=\"widget\" data-widget_type=\"text-editor.default\">\n\t\t\t\t\t\t\t\t\t<p>La tecnolog\u00eda ha abierto oportunidades para muchos sectores, especialmente el financiero.  Trader Ai Intall cuenta con una ampl\u00edsima base de datos de brokers fiables, cre\u00edbles y reputados de todo el mundo, lo que nos ayuda a adaptarnos a la perfecci\u00f3n a las necesidades de cada inversor.<\/p><p>No s\u00f3lo eso, sino que el mundo digital ha permitido a cualquier persona, independientemente de su ubicaci\u00f3n, educaci\u00f3n, edad, sexo y dem\u00e1s, acceder a los servicios financieros, igualmente gracias a los Activos Digitales.  Cualquiera que desee poseer, invertir o comerciar con Activos Digitales, como Inversiones de Capital, puede hacerlo, incluso quienes no tengan una cuenta bancaria.  Adem\u00e1s, los activos digitales facilitan y agilizan los pagos transfronterizos.<\/p><p>S\u00f3lo nos asociamos con los mejores brokers y todos ellos dan a nuestros traders acceso a herramientas avanzadas, datos de los mercados financieros y m\u00e1s activos para ayudarles a alcanzar sus sue\u00f1os financieros.  Disfrute del copy trading, las cuentas demo y los bots de instrumentos burs\u00e1tiles: \u00a1es un mundo realmente apasionante para los traders!<\/p><p>Y a\u00fan hay m\u00e1s, aproveche la excelente experiencia de usuario, acceda a una comunidad mundial de personas como usted.  Todo lo que tienes que hacer es registrarte aqu\u00ed, activar tu cuenta y empezar a invertir en cualquier activo digital que desees.<\/p>\t\t\t\t\t\t\t\t<\/div>\n\t\t\t\t\t<\/div>\n\t\t\t\t<\/div>\n\t\t\t\t\t<\/div>\n\t\t\t\t<\/div>\n\t\t<div class=\"elementor-element elementor-element-c056dbb e-flex e-con-boxed e-con e-parent\" data-id=\"c056dbb\" data-element_type=\"container\" data-e-type=\"container\" data-settings=\"{&quot;background_background&quot;:&quot;classic&quot;}\">\n\t\t\t\t\t<div class=\"e-con-inner\">\n\t\t\t\t<div class=\"elementor-element elementor-element-9662f48 elementor-widget elementor-widget-button\" data-id=\"9662f48\" data-element_type=\"widget\" data-e-type=\"widget\" data-widget_type=\"button.default\">\n\t\t\t\t\t\t\t\t\t\t<a class=\"elementor-button elementor-button-link elementor-size-md\" href=\"https:\/\/tradeaiintal.com\/es\/contacto\/\">\n\t\t\t\t\t\t<span class=\"elementor-button-content-wrapper\">\n\t\t\t\t\t\t\t\t\t<span class=\"elementor-button-text\">Abre tu cuenta aqu\u00ed<\/span>\n\t\t\t\t\t<\/span>\n\t\t\t\t\t<\/a>\n\t\t\t\t\t\t\t\t<\/div>\n\t\t\t\t\t<\/div>\n\t\t\t\t<\/div>\n\t\t\t\t<\/div>","protected":false},"excerpt":{"rendered":"<p>Trader Ai Intal \u2013 Powered by Trader Ai Intal | About Us More About What Trader Ai Intal Does Trader Ai Intal official website and the Trader Ai Intal app constantly reviews and assesses the financial markets on a global scale.\u00a0 We work tirelessly, 24 hours a day to uncover the best possible trading partners [&hellip;]<\/p>\n","protected":false},"author":1,"featured_media":0,"parent":0,"menu_order":0,"comment_status":"closed","ping_status":"closed","template":"elementor_header_footer","meta":{"footnotes":""},"class_list":["post-14","page","type-page","status-publish","hentry"],"_links":{"self":[{"href":"https:\/\/tradeaiintal.com\/es\/wp-json\/wp\/v2\/pages\/14","targetHints":{"allow":["GET"]}}],"collection":[{"href":"https:\/\/tradeaiintal.com\/es\/wp-json\/wp\/v2\/pages"}],"about":[{"href":"https:\/\/tradeaiintal.com\/es\/wp-json\/wp\/v2\/types\/page"}],"author":[{"embeddable":true,"href":"https:\/\/tradeaiintal.com\/es\/wp-json\/wp\/v2\/users\/1"}],"replies":[{"embeddable":true,"href":"https:\/\/tradeaiintal.com\/es\/wp-json\/wp\/v2\/comments?post=14"}],"version-history":[{"count":0,"href":"https:\/\/tradeaiintal.com\/es\/wp-json\/wp\/v2\/pages\/14\/revisions"}],"wp:attachment":[{"href":"https:\/\/tradeaiintal.com\/es\/wp-json\/wp\/v2\/media?parent=14"}],"curies":[{"name":"wp","href":"https:\/\/api.w.org\/{rel}","templated":true}]}}