{"id":1453,"date":"2024-12-09T05:36:11","date_gmt":"2024-12-09T05:36:11","guid":{"rendered":"https:\/\/tradeaiintal.com\/?page_id=1453"},"modified":"2025-12-18T06:47:14","modified_gmt":"2025-12-18T06:47:14","slug":"descargar-aplicacion-amazon","status":"publish","type":"page","link":"https:\/\/tradeaiintal.com\/es\/download-amazon-app\/","title":{"rendered":"Descargar la aplicaci\u00f3n de Amazon"},"content":{"rendered":"<div data-elementor-type=\"wp-page\" data-elementor-id=\"1453\" class=\"elementor elementor-1453\" data-elementor-post-type=\"page\">\n\t\t\t\t<div class=\"elementor-element elementor-element-928e4f6 e-flex e-con-boxed e-con e-parent\" data-id=\"928e4f6\" data-element_type=\"container\" data-e-type=\"container\" data-settings=\"{&quot;background_background&quot;:&quot;gradient&quot;}\">\n\t\t\t\t\t<div class=\"e-con-inner\">\n\t\t<div class=\"elementor-element elementor-element-198f89e e-con-full e-flex e-con e-child\" data-id=\"198f89e\" data-element_type=\"container\" data-e-type=\"container\">\n\t\t\t\t<div class=\"elementor-element elementor-element-be90b2b elementor-widget__width-inherit elementor-widget-tablet__width-inherit elementor-widget-mobile__width-inherit elementor-widget elementor-widget-heading\" data-id=\"be90b2b\" data-element_type=\"widget\" data-e-type=\"widget\" data-widget_type=\"heading.default\">\n\t\t\t\t\t<h1 class=\"elementor-heading-title elementor-size-default\">C\u00f3mo instalar la aplicaci\u00f3n desde AWS Appstore en un tel\u00e9fono Android\n<\/h1>\t\t\t\t<\/div>\n\t\t\t\t<div class=\"elementor-element elementor-element-7c2e67b elementor-widget elementor-widget-text-editor\" data-id=\"7c2e67b\" data-element_type=\"widget\" data-e-type=\"widget\" data-widget_type=\"text-editor.default\">\n\t\t\t\t\t\t\t\t\t<ol><li>Instalar la Amazon AppStore.<\/li><li>Cree una cuenta e inicie sesi\u00f3n en Amazon AppStore.<\/li><li>Busque la aplicaci\u00f3n \u201cTrade Intel AI\u201d y haga clic <a style=\"color: #70e68b;\" href=\"https:\/\/www.amazon.com\/gp\/product\/B0DPNC42T2\" target=\"_blank\" rel=\"noopener\">Obtener aplicaci\u00f3n<\/a>.<\/li><li>Instalar y utilizar la aplicaci\u00f3n.<\/li><\/ol>\t\t\t\t\t\t\t\t<\/div>\n\t\t\t\t<\/div>\n\t\t<div class=\"elementor-element elementor-element-bbfda46 e-con-full e-flex e-con e-child\" data-id=\"bbfda46\" data-element_type=\"container\" data-e-type=\"container\">\n\t\t\t\t<div class=\"elementor-element elementor-element-4795873 elementor-widget__width-initial elementor-widget-tablet__width-initial elementor-widget-mobile__width-initial elementor-widget elementor-widget-image\" data-id=\"4795873\" data-element_type=\"widget\" data-e-type=\"widget\" data-widget_type=\"image.default\">\n\t\t\t\t\t\t\t\t\t\t\t\t\t\t\t<img fetchpriority=\"high\" decoding=\"async\" width=\"539\" height=\"1024\" src=\"https:\/\/tradeaiintal.com\/wp-content\/uploads\/2024\/12\/Trade-Intel-AI-Amzon-Screenshot-539x1024.webp\" class=\"attachment-large size-large wp-image-1459\" alt=\"\" srcset=\"https:\/\/tradeaiintal.com\/wp-content\/uploads\/2024\/12\/Trade-Intel-AI-Amzon-Screenshot-539x1024.webp 539w, https:\/\/tradeaiintal.com\/wp-content\/uploads\/2024\/12\/Trade-Intel-AI-Amzon-Screenshot-158x300.webp 158w, https:\/\/tradeaiintal.com\/wp-content\/uploads\/2024\/12\/Trade-Intel-AI-Amzon-Screenshot-768x1459.webp 768w, https:\/\/tradeaiintal.com\/wp-content\/uploads\/2024\/12\/Trade-Intel-AI-Amzon-Screenshot-808x1536.webp 808w, https:\/\/tradeaiintal.com\/wp-content\/uploads\/2024\/12\/Trade-Intel-AI-Amzon-Screenshot-1078x2048.webp 1078w, https:\/\/tradeaiintal.com\/wp-content\/uploads\/2024\/12\/Trade-Intel-AI-Amzon-Screenshot-6x12.webp 6w, https:\/\/tradeaiintal.com\/wp-content\/uploads\/2024\/12\/Trade-Intel-AI-Amzon-Screenshot.webp 1131w\" sizes=\"(max-width: 539px) 100vw, 539px\" \/>\t\t\t\t\t\t\t\t\t\t\t\t\t\t\t<\/div>\n\t\t\t\t<\/div>\n\t\t\t\t\t<\/div>\n\t\t\t\t<\/div>\n\t\t\t\t<\/div>","protected":false},"excerpt":{"rendered":"<p>How to install app from AWS Appstore to android Phone Install the Amazon AppStore. Create account and login to Amazon AppStore. Search for app \u201cTrade Intel AI\u201d and click Get App. Install and use App.<\/p>","protected":false},"author":1,"featured_media":0,"parent":0,"menu_order":0,"comment_status":"closed","ping_status":"closed","template":"elementor_header_footer","meta":{"footnotes":""},"class_list":["post-1453","page","type-page","status-publish","hentry"],"_links":{"self":[{"href":"https:\/\/tradeaiintal.com\/es\/wp-json\/wp\/v2\/pages\/1453","targetHints":{"allow":["GET"]}}],"collection":[{"href":"https:\/\/tradeaiintal.com\/es\/wp-json\/wp\/v2\/pages"}],"about":[{"href":"https:\/\/tradeaiintal.com\/es\/wp-json\/wp\/v2\/types\/page"}],"author":[{"embeddable":true,"href":"https:\/\/tradeaiintal.com\/es\/wp-json\/wp\/v2\/users\/1"}],"replies":[{"embeddable":true,"href":"https:\/\/tradeaiintal.com\/es\/wp-json\/wp\/v2\/comments?post=1453"}],"version-history":[{"count":0,"href":"https:\/\/tradeaiintal.com\/es\/wp-json\/wp\/v2\/pages\/1453\/revisions"}],"wp:attachment":[{"href":"https:\/\/tradeaiintal.com\/es\/wp-json\/wp\/v2\/media?parent=1453"}],"curies":[{"name":"wp","href":"https:\/\/api.w.org\/{rel}","templated":true}]}}