{"id":22,"date":"2024-02-12T06:54:44","date_gmt":"2024-02-12T06:54:44","guid":{"rendered":"https:\/\/tradeaiintal.com\/?page_id=22"},"modified":"2025-12-15T11:59:38","modified_gmt":"2025-12-15T11:59:38","slug":"advertencia-de-riesgo","status":"publish","type":"page","link":"https:\/\/tradeaiintal.com\/es\/risk-warning\/","title":{"rendered":"Advertencia de riesgo"},"content":{"rendered":"<div data-elementor-type=\"wp-page\" data-elementor-id=\"22\" class=\"elementor elementor-22\" data-elementor-post-type=\"page\">\n\t\t\t\t<div class=\"elementor-element elementor-element-f75eb3e e-flex e-con-boxed e-con e-parent\" data-id=\"f75eb3e\" data-element_type=\"container\" data-e-type=\"container\" data-settings=\"{&quot;background_background&quot;:&quot;classic&quot;}\">\n\t\t\t\t\t<div class=\"e-con-inner\">\n\t\t\t\t<div class=\"elementor-element elementor-element-dcd8687 elementor-widget elementor-widget-heading\" data-id=\"dcd8687\" data-element_type=\"widget\" data-e-type=\"widget\" data-widget_type=\"heading.default\">\n\t\t\t\t\t<h1 class=\"elementor-heading-title elementor-size-default\">Advertencia de riesgo<\/h1>\t\t\t\t<\/div>\n\t\t\t\t\t<\/div>\n\t\t\t\t<\/div>\n\t\t<div class=\"elementor-element elementor-element-cb6a645 e-flex e-con-boxed e-con e-parent\" data-id=\"cb6a645\" data-element_type=\"container\" data-e-type=\"container\">\n\t\t\t\t\t<div class=\"e-con-inner\">\n\t\t<div class=\"elementor-element elementor-element-ecab5b5 e-flex e-con-boxed e-con e-child\" data-id=\"ecab5b5\" data-element_type=\"container\" data-e-type=\"container\">\n\t\t\t\t\t<div class=\"e-con-inner\">\n\t\t\t\t<div class=\"elementor-element elementor-element-d8951a7 elementor-widget elementor-widget-text-editor\" data-id=\"d8951a7\" data-element_type=\"widget\" data-e-type=\"widget\" data-widget_type=\"text-editor.default\">\n\t\t\t\t\t\t\t\t\t<p>Operar con divisas con margen implica un alto grado de riesgo y puede no ser adecuado para todos los inversores. El uso del apalancamiento puede aumentar significativamente tanto las ganancias como las p\u00e9rdidas potenciales en sus actividades de negociaci\u00f3n. Antes de dedicarse al comercio de divisas, es esencial evaluar cuidadosamente sus objetivos financieros, su nivel de experiencia y su tolerancia al riesgo.<\/p><p>Es imperativo invertir s\u00f3lo fondos que pueda permitirse perder, ya que existe la posibilidad real de experimentar una p\u00e9rdida parcial o total de su capital de inversi\u00f3n inicial. Adem\u00e1s, es fundamental comprender plenamente los riesgos inherentes al comercio de divisas, incluida la volatilidad del mercado, los factores geopol\u00edticos, las variables econ\u00f3micas y los cambios normativos. Las rentabilidades pasadas no deben considerarse un indicador de resultados futuros.<\/p><p>Antes de participar en el comercio de divisas, es muy aconsejable evaluar a fondo su situaci\u00f3n financiera general y su nivel de experiencia, ya que el comercio de divisas puede no ser apropiado para todo el mundo. La informaci\u00f3n que aqu\u00ed se ofrece tiene fines informativos generales y no debe considerarse asesoramiento financiero. No tiene en cuenta sus circunstancias, objetivos o necesidades financieras espec\u00edficas. Por lo tanto, se recomienda encarecidamente buscar asesoramiento financiero independiente de profesionales cualificados antes de tomar cualquier decisi\u00f3n de inversi\u00f3n.<\/p><p>Adem\u00e1s, el contenido presentado en este sitio web sirve como comentario general sobre el mercado y no debe interpretarse como una gu\u00eda de inversi\u00f3n espec\u00edfica. En resumen, el comercio de divisas conlleva riesgos significativos, y es importante reconocer estos riesgos, consultar con expertos financieros, seg\u00fan sea necesario, y evaluar cuidadosamente su preparaci\u00f3n antes de participar en actividades de comercio de divisas.<\/p>\t\t\t\t\t\t\t\t<\/div>\n\t\t\t\t\t<\/div>\n\t\t\t\t<\/div>\n\t\t\t\t\t<\/div>\n\t\t\t\t<\/div>\n\t\t\t\t<\/div>","protected":false},"excerpt":{"rendered":"<p>Risk Warning Trading foreign exchange with margin involves a high degree of risk and may not be suitable for all investors. The use of leverage can significantly magnify both potential gains and losses in your trading activities. Prior to engaging in forex trading, it is essential to carefully assess your financial goals, level of experience, [&hellip;]<\/p>\n","protected":false},"author":1,"featured_media":0,"parent":0,"menu_order":0,"comment_status":"closed","ping_status":"closed","template":"elementor_header_footer","meta":{"footnotes":""},"class_list":["post-22","page","type-page","status-publish","hentry"],"_links":{"self":[{"href":"https:\/\/tradeaiintal.com\/es\/wp-json\/wp\/v2\/pages\/22","targetHints":{"allow":["GET"]}}],"collection":[{"href":"https:\/\/tradeaiintal.com\/es\/wp-json\/wp\/v2\/pages"}],"about":[{"href":"https:\/\/tradeaiintal.com\/es\/wp-json\/wp\/v2\/types\/page"}],"author":[{"embeddable":true,"href":"https:\/\/tradeaiintal.com\/es\/wp-json\/wp\/v2\/users\/1"}],"replies":[{"embeddable":true,"href":"https:\/\/tradeaiintal.com\/es\/wp-json\/wp\/v2\/comments?post=22"}],"version-history":[{"count":0,"href":"https:\/\/tradeaiintal.com\/es\/wp-json\/wp\/v2\/pages\/22\/revisions"}],"wp:attachment":[{"href":"https:\/\/tradeaiintal.com\/es\/wp-json\/wp\/v2\/media?parent=22"}],"curies":[{"name":"wp","href":"https:\/\/api.w.org\/{rel}","templated":true}]}}