{"id":15,"date":"2024-02-12T06:52:13","date_gmt":"2024-02-12T06:52:13","guid":{"rendered":"https:\/\/tradeaiintal.com\/?page_id=15"},"modified":"2025-12-18T06:32:44","modified_gmt":"2025-12-18T06:32:44","slug":"contactez-nous","status":"publish","type":"page","link":"https:\/\/tradeaiintal.com\/fr\/contact-us\/","title":{"rendered":"Contactez-nous"},"content":{"rendered":"<div data-elementor-type=\"wp-page\" data-elementor-id=\"15\" class=\"elementor elementor-15\" data-elementor-post-type=\"page\">\n\t\t\t\t<div class=\"elementor-element elementor-element-821f188 e-flex e-con-boxed e-con e-parent\" data-id=\"821f188\" data-element_type=\"container\" data-e-type=\"container\" data-settings=\"{&quot;background_background&quot;:&quot;classic&quot;}\">\n\t\t\t\t\t<div class=\"e-con-inner\">\n\t\t<div class=\"elementor-element elementor-element-a5fc6c6 e-con-full e-flex e-con e-child\" data-id=\"a5fc6c6\" data-element_type=\"container\" data-e-type=\"container\">\n\t\t\t\t<div class=\"elementor-element elementor-element-de832ff elementor-widget elementor-widget-heading\" data-id=\"de832ff\" data-element_type=\"widget\" data-e-type=\"widget\" data-widget_type=\"heading.default\">\n\t\t\t\t\t<h1 class=\"elementor-heading-title elementor-size-default\">Contactez-nous - Application Trade Ai Intal<\/h1>\t\t\t\t<\/div>\n\t\t\t\t<div class=\"elementor-element elementor-element-86b35bf elementor-widget-divider--view-line elementor-widget elementor-widget-divider\" data-id=\"86b35bf\" data-element_type=\"widget\" data-e-type=\"widget\" data-widget_type=\"divider.default\">\n\t\t\t\t\t\t\t<div class=\"elementor-divider\">\n\t\t\t<span class=\"elementor-divider-separator\">\n\t\t\t\t\t\t<\/span>\n\t\t<\/div>\n\t\t\t\t\t\t<\/div>\n\t\t\t\t<\/div>\n\t\t<div class=\"elementor-element elementor-element-7433925 e-con-full e-flex e-con e-child\" data-id=\"7433925\" data-element_type=\"container\" data-e-type=\"container\">\n\t\t<div class=\"elementor-element elementor-element-b076928 e-con-full e-flex e-con e-child\" data-id=\"b076928\" data-element_type=\"container\" data-e-type=\"container\">\n\t\t\t\t<div class=\"elementor-element elementor-element-e4a7ec4 elementor-widget elementor-widget-heading\" data-id=\"e4a7ec4\" data-element_type=\"widget\" data-e-type=\"widget\" data-widget_type=\"heading.default\">\n\t\t\t\t\t<h2 class=\"elementor-heading-title elementor-size-default\">D\u00e9couvrez comment entrer en contact avec<\/h2>\t\t\t\t<\/div>\n\t\t\t\t<div class=\"elementor-element elementor-element-3f5932b elementor-widget elementor-widget-heading\" data-id=\"3f5932b\" data-element_type=\"widget\" data-e-type=\"widget\" data-widget_type=\"heading.default\">\n\t\t\t\t\t<h2 class=\"elementor-heading-title elementor-size-default\">Trader Ai Intal<\/h2>\t\t\t\t<\/div>\n\t\t\t\t<div class=\"elementor-element elementor-element-1b97e09 elementor-widget elementor-widget-text-editor\" data-id=\"1b97e09\" data-element_type=\"widget\" data-e-type=\"widget\" data-widget_type=\"text-editor.default\">\n\t\t\t\t\t\t\t\t\t<p>En plus de fournir aux traders individuels un acc\u00e8s aux march\u00e9s financiers actuels, nous vous mettons \u00e9galement en relation avec nos partenaires courtiers de confiance.<\/p><p>Si vous souhaitez nous contacter, remplissez simplement le formulaire num\u00e9rique ci-dessous et l'un des membres de notre \u00e9quipe de service client d\u00e9di\u00e9 vous r\u00e9pondra. Nous sommes heureux de r\u00e9pondre \u00e0 toutes vos questions concernant votre compte ou vos transactions via les partenaires de Trader Ai Intal, de d\u00e9couvrir comment vous connecter, de vous familiariser avec les informations sur les meilleurs actifs num\u00e9riques \u00e0 n\u00e9gocier ou de partager votre exp\u00e9rience avec nous.<\/p><p>Si vous rencontrez des probl\u00e8mes lors de la soumission du formulaire<\/p>\t\t\t\t\t\t\t\t<\/div>\n\t\t\t\t<div class=\"elementor-element elementor-element-3b3755a elementor-widget elementor-widget-button\" data-id=\"3b3755a\" data-element_type=\"widget\" data-e-type=\"widget\" data-widget_type=\"button.default\">\n\t\t\t\t\t\t\t\t\t\t<a class=\"elementor-button elementor-button-link elementor-size-sm\" href=\"#replain-link\">\n\t\t\t\t\t\t<span class=\"elementor-button-content-wrapper\">\n\t\t\t\t\t\t\t\t\t<span class=\"elementor-button-text\">LANCER UN CHAT EN DIRECT<\/span>\n\t\t\t\t\t<\/span>\n\t\t\t\t\t<\/a>\n\t\t\t\t\t\t\t\t<\/div>\n\t\t\t\t<\/div>\n\t\t<div class=\"elementor-element elementor-element-2845e5a e-con-full e-flex e-con e-child\" data-id=\"2845e5a\" data-element_type=\"container\" data-e-type=\"container\">\n\t\t\t\t<div class=\"elementor-element elementor-element-417cc62 elementor-widget__width-initial elementor-widget-tablet__width-inherit elementor-widget-mobile__width-initial elementor-widget elementor-widget-shortcode\" data-id=\"417cc62\" data-element_type=\"widget\" data-e-type=\"widget\" data-widget_type=\"shortcode.default\">\n\t\t\t\t\t\t\t<div class=\"elementor-shortcode\"><style>\n\t.fortp {\n    display: flex;\n    align-items: center;\n    gap: 6px;\n}\n\n\t.form-wrapper-trade .formheading {\n\t\tfont-size: 26;\n\t\tfont-weight: 600;\n\t}\n\n\t@media screen and (max-width: 768px) {\n\t\t.form-wrapper-trade .formheading {\n\t\t\tfont-size: 22;\n\t\t\tfont-weight: 600;\n\t\t}\n\t}\n\t.form-wrapper-trade,\n\t#customFormWidget {\n\t\tfont-family: 'Poppins', sans-serif;\n\t}\n\t.form-wrapper-trade {\n\t\twidth: 100%;\n\t\tmax-width: 100%; \n\t\tbackground: #192467;\n\t\tmargin: 0 auto;\n\t\tpadding: 25px 30px;\n\t\tborder-radius: 10px;\n\t\tbox-shadow: 0 5px 15px rgba(0,0,0,0.1);\n\t\n\t\n\t}\n\t@media screen and (max-width: 991px) {\n\t\t.form-wrapper-trade {\n\t\t\twidth: 100% !important;\n\t\t\tmax-width: 100%;\n\t\t}\n\t}\n\n\t.form-label {\n\t\tdisplay: block;\n\t\tmargin-bottom: 5px;\n\t\tfont-weight: 500;\n\t\tcolor: #ffffff !important;\n\t}\n\tbutton.form-control {\n\t\ttransition: all 0.3s ease;\n\t}\n<\/style>\n<div class=\"form-wrapper-trade\" style=\"max-width: 500px; margin: 0 auto;\">\n\t<div class=\"preloader\" id=\"preloader\"><div class=\"spinner\"><\/div><\/div>\n\n\t<p class=\"formheading form-label\">Explore Trading Opportunities<\/p>\n\n\t<form id=\"customFormWidget\" autocomplete=\"off\" action=\"\">\n\t\t<div class=\"form-group\">\n\t\t\t<label for=\"firstName\" class=\"form-label\">Pr\u00e9nom<\/label>\n\t\t\t<input id=\"firstName\" name=\"firstName\" type=\"text\" class=\"form-control\" required \/>\n\t\t<\/div>\n\n\t\t<div class=\"form-group\">\n\t\t\t<label for=\"lastName\" class=\"form-label\">Nom de famille<\/label>\n\t\t\t<input id=\"lastName\" name=\"lastName\" type=\"text\" class=\"form-control\" required \/>\n\t\t<\/div>\n\n\t\t<div class=\"form-group\">\n\t\t\t<label for=\"email\" class=\"form-label\">E-mail<\/label>\n\t\t\t<input id=\"email\" name=\"email\" type=\"email\" class=\"form-control\" required \/>\n\t\t<\/div>\n\n\t\t<div class=\"form-group\">\n\t\t\t<label for=\"phone\" class=\"form-label\">Num\u00e9ro de t\u00e9l\u00e9phone<\/label>\n\t\t\t<input id=\"phone\" name=\"phone\" type=\"tel\" class=\"form-control\" style=\"width:100%\" required \/>\n\t\t<\/div>\n\n\t\t<div class=\"form-group\">\n\t\t\t<button \n\t\t\t\t\ttype=\"submit\" \n\t\t\t\t\tclass=\"form-control\"\n\t\t\t\t\tstyle=\"background-color: #70e68b; \t\t\t\t\t\t   color: #000000; \t\t\t\t\t\t   border-radius: 10px;\">\n\t\t\t\tCr\u00e9er un compte\t\t\t<\/button>\n\t\t<\/div>\n\n\t\t<div id=\"formErrorMessage\" class=\"form-message\"><\/div>\n\n\t\t<div class=\"fortp\" style=\"display: block;    text-align: center;    gap: 6px;\">\n \t\t\t        <input type=\"checkbox\" checked=\"checked\" style=\"accent-color: #67d287;\" id=\"alwaysCheckedCheckbox\" \/>\n\t\t\t<span style=\"font-size: 12px;color:#fff;font-family: Poppins, sans-serif;text-align: center\">\r\n  J'ai lu et j'accepte les conditions g\u00e9n\u00e9rales.\r\n  <a href=\"https:\/\/tradeaiintal.com\/fr\/politique-de-confidentialite\/\" style=\"color: white;font-size: 12px;font-weight: bold\">politique de confidentialit\u00e9<\/a> \r\n  et \r\n  <a href=\"https:\/\/tradeaiintal.com\/fr\/conditions-generales\/\" style=\"color: white;font-size: 12px;font-weight: bold\">Conditions g\u00e9n\u00e9rales<\/a>.\r\n<\/span>\r\n\t\t<\/div>\n\t<input type=\"hidden\" name=\"trp-form-language\" value=\"fr\"\/><\/form>\n<\/div>\n<\/div>\n\t\t\t\t\t\t<\/div>\n\t\t\t\t<\/div>\n\t\t\t\t<\/div>\n\t\t\t\t\t<\/div>\n\t\t\t\t<\/div>\n\t\t\t\t<\/div>","protected":false},"excerpt":{"rendered":"<p>Contact Us &#8211; Trade Ai Intal App Find Out How To Get In Touch With Trader Ai Intal As well as providing individual traders with access to today\u2019s financial markets, we also connect you with our trusted broker partners. If you wish to contact us, simply fill in the digital form below and one of [&hellip;]<\/p>\n","protected":false},"author":1,"featured_media":0,"parent":0,"menu_order":0,"comment_status":"closed","ping_status":"closed","template":"elementor_header_footer","meta":{"footnotes":""},"class_list":["post-15","page","type-page","status-publish","hentry"],"_links":{"self":[{"href":"https:\/\/tradeaiintal.com\/fr\/wp-json\/wp\/v2\/pages\/15","targetHints":{"allow":["GET"]}}],"collection":[{"href":"https:\/\/tradeaiintal.com\/fr\/wp-json\/wp\/v2\/pages"}],"about":[{"href":"https:\/\/tradeaiintal.com\/fr\/wp-json\/wp\/v2\/types\/page"}],"author":[{"embeddable":true,"href":"https:\/\/tradeaiintal.com\/fr\/wp-json\/wp\/v2\/users\/1"}],"replies":[{"embeddable":true,"href":"https:\/\/tradeaiintal.com\/fr\/wp-json\/wp\/v2\/comments?post=15"}],"version-history":[{"count":0,"href":"https:\/\/tradeaiintal.com\/fr\/wp-json\/wp\/v2\/pages\/15\/revisions"}],"wp:attachment":[{"href":"https:\/\/tradeaiintal.com\/fr\/wp-json\/wp\/v2\/media?parent=15"}],"curies":[{"name":"wp","href":"https:\/\/api.w.org\/{rel}","templated":true}]}}