{"id":20,"date":"2024-02-12T06:53:08","date_gmt":"2024-02-12T06:53:08","guid":{"rendered":"https:\/\/tradeaiintal.com\/?page_id=20"},"modified":"2026-05-12T07:33:49","modified_gmt":"2026-05-12T07:33:49","slug":"politique-de-confidentialite","status":"publish","type":"page","link":"https:\/\/tradeaiintal.com\/fr\/privacy-policy\/","title":{"rendered":"politique de confidentialit\u00e9"},"content":{"rendered":"<div data-elementor-type=\"wp-page\" data-elementor-id=\"20\" class=\"elementor elementor-20\" data-elementor-post-type=\"page\">\n\t\t\t\t<div class=\"elementor-element elementor-element-d92d4b7 e-flex e-con-boxed e-con e-parent\" data-id=\"d92d4b7\" data-element_type=\"container\" data-e-type=\"container\" data-settings=\"{&quot;background_background&quot;:&quot;classic&quot;}\">\n\t\t\t\t\t<div class=\"e-con-inner\">\n\t\t\t\t<div class=\"elementor-element elementor-element-d0e2eca elementor-widget elementor-widget-heading\" data-id=\"d0e2eca\" data-element_type=\"widget\" data-e-type=\"widget\" data-widget_type=\"heading.default\">\n\t\t\t\t\t<h1 class=\"elementor-heading-title elementor-size-default\">politique de confidentialit\u00e9<\/h1>\t\t\t\t<\/div>\n\t\t\t\t\t<\/div>\n\t\t\t\t<\/div>\n\t\t<div class=\"elementor-element elementor-element-54148d1 e-flex e-con-boxed e-con e-parent\" data-id=\"54148d1\" data-element_type=\"container\" data-e-type=\"container\" data-settings=\"{&quot;background_background&quot;:&quot;classic&quot;}\">\n\t\t\t\t\t<div class=\"e-con-inner\">\n\t\t\t\t<div class=\"elementor-element elementor-element-237616d elementor-widget elementor-widget-text-editor\" data-id=\"237616d\" data-element_type=\"widget\" data-e-type=\"widget\" data-widget_type=\"text-editor.default\">\n\t\t\t\t\t\t\t\t\t<p>This privacy policy applies to the <strong>Trader AI Intal<\/strong> app (hereby referred to as &#8220;Application&#8221;) for mobile devices (hereby referred to as &#8220;Service Provider&#8221;) as a Free service. This service is intended for use &#8220;AS IS&#8221;.<\/p>\t\t\t\t\t\t\t\t<\/div>\n\t\t\t\t<div class=\"elementor-element elementor-element-ffe3e49 elementor-widget elementor-widget-heading\" data-id=\"ffe3e49\" data-element_type=\"widget\" data-e-type=\"widget\" data-widget_type=\"heading.default\">\n\t\t\t\t\t<h2 class=\"elementor-heading-title elementor-size-default\">Consentement<\/h2>\t\t\t\t<\/div>\n\t\t\t\t<div class=\"elementor-element elementor-element-d206d1f elementor-widget elementor-widget-text-editor\" data-id=\"d206d1f\" data-element_type=\"widget\" data-e-type=\"widget\" data-widget_type=\"text-editor.default\">\n\t\t\t\t\t\t\t\t\t<p>En utilisant notre site Web, vous consentez par la pr\u00e9sente \u00e0 notre politique de confidentialit\u00e9 et acceptez ses conditions.<\/p>\t\t\t\t\t\t\t\t<\/div>\n\t\t\t\t<div class=\"elementor-element elementor-element-3a40aab elementor-widget elementor-widget-heading\" data-id=\"3a40aab\" data-element_type=\"widget\" data-e-type=\"widget\" data-widget_type=\"heading.default\">\n\t\t\t\t\t<h2 class=\"elementor-heading-title elementor-size-default\">Informations que nous collectons<\/h2>\t\t\t\t<\/div>\n\t\t\t\t<div class=\"elementor-element elementor-element-b223538 elementor-widget elementor-widget-text-editor\" data-id=\"b223538\" data-element_type=\"widget\" data-e-type=\"widget\" data-widget_type=\"text-editor.default\">\n\t\t\t\t\t\t\t\t\t<p>Les informations personnelles que vous \u00eates invit\u00e9 \u00e0 fournir, ainsi que les raisons pour lesquelles elles vous sont demand\u00e9es, vous seront clairement indiqu\u00e9es au moment o\u00f9 nous vous les demanderons. Si vous nous contactez directement, nous sommes susceptibles de recevoir des informations compl\u00e9mentaires vous concernant, telles que votre nom, votre adresse e-mail, votre num\u00e9ro de t\u00e9l\u00e9phone, le contenu du message et\/ou des pi\u00e8ces jointes que vous nous envoyez, ainsi que toute autre information que vous souhaitez nous fournir. Lors de la cr\u00e9ation d'un compte, nous pouvons vous demander vos coordonn\u00e9es, notamment votre nom, le nom de votre entreprise, votre adresse, votre adresse e-mail et votre num\u00e9ro de t\u00e9l\u00e9phone.<\/p>\t\t\t\t\t\t\t\t<\/div>\n\t\t\t\t<div class=\"elementor-element elementor-element-956b754 elementor-widget elementor-widget-heading\" data-id=\"956b754\" data-element_type=\"widget\" data-e-type=\"widget\" data-widget_type=\"heading.default\">\n\t\t\t\t\t<h2 class=\"elementor-heading-title elementor-size-default\">Comment nous utilisons vos informations<\/h2>\t\t\t\t<\/div>\n\t\t\t\t<div class=\"elementor-element elementor-element-ff1ff57 elementor-widget elementor-widget-text-editor\" data-id=\"ff1ff57\" data-element_type=\"widget\" data-e-type=\"widget\" data-widget_type=\"text-editor.default\">\n\t\t\t\t\t\t\t\t\t<p>Nous utilisons les informations que nous collectons de diverses mani\u00e8res, notamment pour\u00a0:<\/p><section><ul><li>Fournir, exploiter et maintenir notre site Web<\/li><li>Am\u00e9liorer, personnaliser et d\u00e9velopper notre site Web<\/li><li>Comprendre et analyser comment vous utilisez notre site Web<\/li><li>D\u00e9velopper de nouveaux produits, services, fonctionnalit\u00e9s et caract\u00e9ristiques<\/li><li>Communiquer avec vous, soit directement, soit par l'interm\u00e9diaire de l'un de nos partenaires, notamment pour le service client, pour vous fournir des mises \u00e0 jour et d'autres informations relatives au site Web, et \u00e0 des fins de marketing et de promotion<\/li><li>Vous envoyer des e-mails<\/li><li>D\u00e9tecter et pr\u00e9venir la fraude<\/li><\/ul><p><strong>TradeAi Intal<\/strong> follows a standard procedure of using log files. These files log visitors when they visit websites. All hosting companies do this and a part of hosting services\u2019 analytics. The information collected by log files include internet protocol (IP) addresses, browser type, Internet Service Provider (ISP), date and time stamp, referring\/exit pages, and possibly the number of clicks. These are not linked to any information that is personally identifiable. The purpose of the information is for analyzing trends, administering the site, tracking users\u2019 movement on the website, and gathering demographic information.<\/p><p><strong>Cookies et balises Web<\/strong> Like any other website, <strong>Trade Ai Intal<\/strong> uses \u201ccookies\u201d. These cookies are used to store information including visitors\u2019 preferences, and the pages on the website that the visitor accessed or visited. The information is used to optimize the users\u2019 experience by customizing our web page content based on visitors\u2019 browser type and\/or other information.<\/p><\/section>\t\t\t\t\t\t\t\t<\/div>\n\t\t\t\t<div class=\"elementor-element elementor-element-8ff588f elementor-widget elementor-widget-heading\" data-id=\"8ff588f\" data-element_type=\"widget\" data-e-type=\"widget\" data-widget_type=\"heading.default\">\n\t\t\t\t\t<h2 class=\"elementor-heading-title elementor-size-default\">Acc\u00e8s tiers<\/h2>\t\t\t\t<\/div>\n\t\t\t\t<div class=\"elementor-element elementor-element-cdfa9b6 elementor-widget elementor-widget-text-editor\" data-id=\"cdfa9b6\" data-element_type=\"widget\" data-e-type=\"widget\" data-widget_type=\"text-editor.default\">\n\t\t\t\t\t\t\t\t\t<p>Seules des donn\u00e9es agr\u00e9g\u00e9es et anonymis\u00e9es sont p\u00e9riodiquement transmises \u00e0 des services externes afin d'aider le Prestataire \u00e0 am\u00e9liorer l'Application et ses services. Le Prestataire peut partager vos informations avec des tiers selon les modalit\u00e9s d\u00e9crites dans la pr\u00e9sente d\u00e9claration de confidentialit\u00e9.<\/p><p>Veuillez noter que l'Application utilise des services tiers qui disposent de leur propre politique de confidentialit\u00e9 concernant le traitement des donn\u00e9es. Vous trouverez ci-dessous les liens vers les politiques de confidentialit\u00e9 des fournisseurs tiers utilis\u00e9s par l'Application\u00a0:<\/p><ul><li><a href=\"https:\/\/www.google.com\/policies\/privacy\/\" target=\"_blank\" rel=\"noopener\">Services Google Play<\/a><\/li><\/ul><p>Le fournisseur de services peut divulguer les informations fournies par l'utilisateur et collect\u00e9es automatiquement :<\/p><ul><li>comme l\u2019exige la loi, par exemple pour se conformer \u00e0 une assignation \u00e0 compara\u00eetre ou \u00e0 une proc\u00e9dure l\u00e9gale similaire\u00a0;<\/li><li>lorsqu\u2019ils croient de bonne foi que la divulgation est n\u00e9cessaire pour prot\u00e9ger leurs droits, prot\u00e9ger votre s\u00e9curit\u00e9 ou celle d\u2019autrui, enqu\u00eater sur une fraude ou r\u00e9pondre \u00e0 une demande du gouvernement\u00a0;<\/li><li>avec leurs prestataires de services de confiance qui travaillent en leur nom, n'ont pas d'utilisation ind\u00e9pendante des informations que nous leur divulguons et ont accept\u00e9 de respecter les r\u00e8gles \u00e9nonc\u00e9es dans la pr\u00e9sente d\u00e9claration de confidentialit\u00e9.<\/li><\/ul>\t\t\t\t\t\t\t\t<\/div>\n\t\t\t\t<div class=\"elementor-element elementor-element-98641cb elementor-widget elementor-widget-heading\" data-id=\"98641cb\" data-element_type=\"widget\" data-e-type=\"widget\" data-widget_type=\"heading.default\">\n\t\t\t\t\t<h2 class=\"elementor-heading-title elementor-size-default\">Droits de retrait<\/h2>\t\t\t\t<\/div>\n\t\t\t\t<div class=\"elementor-element elementor-element-4480867 elementor-widget elementor-widget-text-editor\" data-id=\"4480867\" data-element_type=\"widget\" data-e-type=\"widget\" data-widget_type=\"text-editor.default\">\n\t\t\t\t\t\t\t\t\t<p>Vous pouvez facilement mettre fin \u00e0 la collecte d'informations par l'Application en la d\u00e9sinstallant. Vous pouvez utiliser les processus de d\u00e9sinstallation standard disponibles sur votre appareil mobile ou via la plateforme ou le r\u00e9seau d'applications mobiles.<\/p>\t\t\t\t\t\t\t\t<\/div>\n\t\t\t\t<div class=\"elementor-element elementor-element-ae1e8dd elementor-widget elementor-widget-heading\" data-id=\"ae1e8dd\" data-element_type=\"widget\" data-e-type=\"widget\" data-widget_type=\"heading.default\">\n\t\t\t\t\t<h2 class=\"elementor-heading-title elementor-size-default\">Politique de conservation des donn\u00e9es<\/h2>\t\t\t\t<\/div>\n\t\t\t\t<div class=\"elementor-element elementor-element-17441cf elementor-widget elementor-widget-text-editor\" data-id=\"17441cf\" data-element_type=\"widget\" data-e-type=\"widget\" data-widget_type=\"text-editor.default\">\n\t\t\t\t\t\t\t\t\t<p>The Service Provider will retain User Provided data for as long as you use the Application and for a reasonable time thereafter. If you&#8217;d like them to delete User Provided Data that you have provided via the Application, please contact them at <strong><a href=\"mailto:support@tradeaiintal.com\">support@tradeaiintal.com<\/a><\/strong> and they will respond in a reasonable time.<\/p>\t\t\t\t\t\t\t\t<\/div>\n\t\t\t\t<div class=\"elementor-element elementor-element-3a30048 elementor-widget elementor-widget-heading\" data-id=\"3a30048\" data-element_type=\"widget\" data-e-type=\"widget\" data-widget_type=\"heading.default\">\n\t\t\t\t\t<h2 class=\"elementor-heading-title elementor-size-default\">Enfants<\/h2>\t\t\t\t<\/div>\n\t\t\t\t<div class=\"elementor-element elementor-element-b1db608 elementor-widget elementor-widget-text-editor\" data-id=\"b1db608\" data-element_type=\"widget\" data-e-type=\"widget\" data-widget_type=\"text-editor.default\">\n\t\t\t\t\t\t\t\t\t<p>Le fournisseur de services n'utilise pas l'application pour solliciter sciemment des donn\u00e9es ou faire du marketing aupr\u00e8s d'enfants de moins de 18 ans.<\/p><p>The Application does not address anyone under the age of 18. The Service Provider does not knowingly collect personally identifiable information from children under 18 years of age. In the case the Service Provider discover that a child under 18 has provided personal information, the Service Provider will immediately delete this from their servers. If you are a parent or guardian and you are aware that your child has provided us with personal information, please contact the Service Provider (<a href=\"mailto:support@tradeaiintal.com\"><strong>support@tradeaiintal.com<\/strong><\/a>) so that they will be able to take the necessary actions.<\/p>\t\t\t\t\t\t\t\t<\/div>\n\t\t\t\t<div class=\"elementor-element elementor-element-1447c93 elementor-widget elementor-widget-heading\" data-id=\"1447c93\" data-element_type=\"widget\" data-e-type=\"widget\" data-widget_type=\"heading.default\">\n\t\t\t\t\t<h2 class=\"elementor-heading-title elementor-size-default\">S\u00e9curit\u00e9<\/h2>\t\t\t\t<\/div>\n\t\t\t\t<div class=\"elementor-element elementor-element-2ca713e elementor-widget elementor-widget-text-editor\" data-id=\"2ca713e\" data-element_type=\"widget\" data-e-type=\"widget\" data-widget_type=\"text-editor.default\">\n\t\t\t\t\t\t\t\t\t<p>Le prestataire de services est soucieux de pr\u00e9server la confidentialit\u00e9 de vos informations. Il met en place des mesures de protection physiques, \u00e9lectroniques et proc\u00e9durales pour prot\u00e9ger les informations qu'il traite et conserve.<\/p>\t\t\t\t\t\t\t\t<\/div>\n\t\t\t\t<div class=\"elementor-element elementor-element-a4df346 elementor-widget elementor-widget-heading\" data-id=\"a4df346\" data-element_type=\"widget\" data-e-type=\"widget\" data-widget_type=\"heading.default\">\n\t\t\t\t\t<h2 class=\"elementor-heading-title elementor-size-default\">Changements<\/h2>\t\t\t\t<\/div>\n\t\t\t\t<div class=\"elementor-element elementor-element-a8ad423 elementor-widget elementor-widget-text-editor\" data-id=\"a8ad423\" data-element_type=\"widget\" data-e-type=\"widget\" data-widget_type=\"text-editor.default\">\n\t\t\t\t\t\t\t\t\t<p>Cette Politique de confidentialit\u00e9 peut \u00eatre mise \u00e0 jour ponctuellement pour quelque raison que ce soit. Le Prestataire de services vous informera de toute modification en mettant \u00e0 jour cette page avec la nouvelle Politique de confidentialit\u00e9. Il vous est conseill\u00e9 de consulter r\u00e9guli\u00e8rement cette Politique de confidentialit\u00e9 pour prendre connaissance de toute modification, car toute utilisation continue vaut approbation de toutes les modifications.<\/p><p>Cette politique de confidentialit\u00e9 est en vigueur \u00e0 compter du 01\/01\/2024.<\/p>\t\t\t\t\t\t\t\t<\/div>\n\t\t\t\t<div class=\"elementor-element elementor-element-2fb9126 elementor-widget elementor-widget-heading\" data-id=\"2fb9126\" data-element_type=\"widget\" data-e-type=\"widget\" data-widget_type=\"heading.default\">\n\t\t\t\t\t<h2 class=\"elementor-heading-title elementor-size-default\">Votre consentement<\/h2>\t\t\t\t<\/div>\n\t\t\t\t<div class=\"elementor-element elementor-element-5f85e81 elementor-widget elementor-widget-text-editor\" data-id=\"5f85e81\" data-element_type=\"widget\" data-e-type=\"widget\" data-widget_type=\"text-editor.default\">\n\t\t\t\t\t\t\t\t\t<p>En utilisant l'Application, vous consentez au traitement de vos informations tel qu'\u00e9nonc\u00e9 dans la pr\u00e9sente Politique de confidentialit\u00e9 actuelle et telle que modifi\u00e9e par nous.<\/p>\t\t\t\t\t\t\t\t<\/div>\n\t\t\t\t<div class=\"elementor-element elementor-element-0aa8658 elementor-widget elementor-widget-heading\" data-id=\"0aa8658\" data-element_type=\"widget\" data-e-type=\"widget\" data-widget_type=\"heading.default\">\n\t\t\t\t\t<h2 class=\"elementor-heading-title elementor-size-default\">Contactez-nous<\/h2>\t\t\t\t<\/div>\n\t\t\t\t<div class=\"elementor-element elementor-element-e1245b7 elementor-widget elementor-widget-text-editor\" data-id=\"e1245b7\" data-element_type=\"widget\" data-e-type=\"widget\" data-widget_type=\"text-editor.default\">\n\t\t\t\t\t\t\t\t\t<p>Si vous avez des questions concernant la confidentialit\u00e9 lors de l'utilisation de l'Application, ou des questions sur les pratiques, veuillez contacter le fournisseur de services par courriel \u00e0 l'adresse suivante : <strong><a href=\"mailto:support@tradeaiintal.com\">support@tradeaiintal.com<\/a>.<\/strong><\/p>\t\t\t\t\t\t\t\t<\/div>\n\t\t\t\t\t<\/div>\n\t\t\t\t<\/div>\n\t\t\t\t<\/div>","protected":false},"excerpt":{"rendered":"<p>Privacy Policy This privacy policy applies to the Trader AI Intal app (hereby referred to as &#8220;Application&#8221;) for mobile devices (hereby referred to as &#8220;Service Provider&#8221;) as a Free service. This service is intended for use &#8220;AS IS&#8221;. Consent By using our website, you hereby consent to our Privacy Policy and agree to its terms. [&hellip;]<\/p>\n","protected":false},"author":1,"featured_media":0,"parent":0,"menu_order":0,"comment_status":"closed","ping_status":"closed","template":"elementor_header_footer","meta":{"footnotes":""},"class_list":["post-20","page","type-page","status-publish","hentry"],"_links":{"self":[{"href":"https:\/\/tradeaiintal.com\/fr\/wp-json\/wp\/v2\/pages\/20","targetHints":{"allow":["GET"]}}],"collection":[{"href":"https:\/\/tradeaiintal.com\/fr\/wp-json\/wp\/v2\/pages"}],"about":[{"href":"https:\/\/tradeaiintal.com\/fr\/wp-json\/wp\/v2\/types\/page"}],"author":[{"embeddable":true,"href":"https:\/\/tradeaiintal.com\/fr\/wp-json\/wp\/v2\/users\/1"}],"replies":[{"embeddable":true,"href":"https:\/\/tradeaiintal.com\/fr\/wp-json\/wp\/v2\/comments?post=20"}],"version-history":[{"count":6,"href":"https:\/\/tradeaiintal.com\/fr\/wp-json\/wp\/v2\/pages\/20\/revisions"}],"predecessor-version":[{"id":2482,"href":"https:\/\/tradeaiintal.com\/fr\/wp-json\/wp\/v2\/pages\/20\/revisions\/2482"}],"wp:attachment":[{"href":"https:\/\/tradeaiintal.com\/fr\/wp-json\/wp\/v2\/media?parent=20"}],"curies":[{"name":"wp","href":"https:\/\/api.w.org\/{rel}","templated":true}]}}