{"id":21,"date":"2024-02-12T06:53:30","date_gmt":"2024-02-12T06:53:30","guid":{"rendered":"https:\/\/tradeaiintal.com\/?page_id=21"},"modified":"2025-12-18T06:39:58","modified_gmt":"2025-12-18T06:39:58","slug":"termini-condizioni","status":"publish","type":"page","link":"https:\/\/tradeaiintal.com\/it\/terms-conditions\/","title":{"rendered":"Termini e condizioni"},"content":{"rendered":"<div data-elementor-type=\"wp-page\" data-elementor-id=\"21\" class=\"elementor elementor-21\" data-elementor-post-type=\"page\">\n\t\t\t\t<div class=\"elementor-element elementor-element-111a40c e-flex e-con-boxed e-con e-parent\" data-id=\"111a40c\" data-element_type=\"container\" data-e-type=\"container\" data-settings=\"{&quot;background_background&quot;:&quot;classic&quot;}\">\n\t\t\t\t\t<div class=\"e-con-inner\">\n\t\t\t\t<div class=\"elementor-element elementor-element-b95a43f elementor-widget elementor-widget-heading\" data-id=\"b95a43f\" data-element_type=\"widget\" data-e-type=\"widget\" data-widget_type=\"heading.default\">\n\t\t\t\t\t<h1 class=\"elementor-heading-title elementor-size-default\">Termini e condizioni<\/h1>\t\t\t\t<\/div>\n\t\t\t\t\t<\/div>\n\t\t\t\t<\/div>\n\t\t<div class=\"elementor-element elementor-element-2edfa6a e-flex e-con-boxed e-con e-parent\" data-id=\"2edfa6a\" data-element_type=\"container\" data-e-type=\"container\">\n\t\t\t\t\t<div class=\"e-con-inner\">\n\t\t<div class=\"elementor-element elementor-element-7d9bad5 e-flex e-con-boxed e-con e-child\" data-id=\"7d9bad5\" data-element_type=\"container\" data-e-type=\"container\">\n\t\t\t\t\t<div class=\"e-con-inner\">\n\t\t<div class=\"elementor-element elementor-element-fdbda54 e-flex e-con-boxed e-con e-child\" data-id=\"fdbda54\" data-element_type=\"container\" data-e-type=\"container\">\n\t\t\t\t\t<div class=\"e-con-inner\">\n\t\t\t\t<div class=\"elementor-element elementor-element-b1e636d elementor-widget elementor-widget-text-editor\" data-id=\"b1e636d\" data-element_type=\"widget\" data-e-type=\"widget\" data-widget_type=\"text-editor.default\">\n\t\t\t\t\t\t\t\t\t<p>Si prega di leggere attentamente questi termini e condizioni prima di utilizzare il nostro servizio.<\/p>\t\t\t\t\t\t\t\t<\/div>\n\t\t\t\t<div class=\"elementor-element elementor-element-dcb066a elementor-widget elementor-widget-heading\" data-id=\"dcb066a\" data-element_type=\"widget\" data-e-type=\"widget\" data-widget_type=\"heading.default\">\n\t\t\t\t\t<h2 class=\"elementor-heading-title elementor-size-default\">Interpretazione e definizioni<\/h2>\t\t\t\t<\/div>\n\t\t\t\t<div class=\"elementor-element elementor-element-14a1bab elementor-widget elementor-widget-heading\" data-id=\"14a1bab\" data-element_type=\"widget\" data-e-type=\"widget\" data-widget_type=\"heading.default\">\n\t\t\t\t\t<h2 class=\"elementor-heading-title elementor-size-default\">Interpretazione<\/h2>\t\t\t\t<\/div>\n\t\t\t\t<div class=\"elementor-element elementor-element-f5193b4 elementor-widget elementor-widget-text-editor\" data-id=\"f5193b4\" data-element_type=\"widget\" data-e-type=\"widget\" data-widget_type=\"text-editor.default\">\n\t\t\t\t\t\t\t\t\t<p>Le parole la cui lettera iniziale \u00e8 maiuscola hanno significati definiti nelle seguenti condizioni. Le seguenti definizioni avranno lo stesso significato indipendentemente dal fatto che appaiano al singolare o al plurale.<\/p>\t\t\t\t\t\t\t\t<\/div>\n\t\t\t\t<div class=\"elementor-element elementor-element-5259d47 elementor-widget elementor-widget-heading\" data-id=\"5259d47\" data-element_type=\"widget\" data-e-type=\"widget\" data-widget_type=\"heading.default\">\n\t\t\t\t\t<h2 class=\"elementor-heading-title elementor-size-default\">Definizioni<\/h2>\t\t\t\t<\/div>\n\t\t\t\t<div class=\"elementor-element elementor-element-4d62ed4 elementor-widget elementor-widget-text-editor\" data-id=\"4d62ed4\" data-element_type=\"widget\" data-e-type=\"widget\" data-widget_type=\"text-editor.default\">\n\t\t\t\t\t\t\t\t\t<p>Ai fini dei presenti Termini e Condizioni:<\/p><ul><li><strong>Affiliato<\/strong>\u00a0indica un'entit\u00e0 che controlla, \u00e8 controllata da o \u00e8 sotto controllo comune con un soggetto, dove \u201ccontrollo\u201d indica la propriet\u00e0 del 50% o pi\u00f9 delle azioni, delle partecipazioni o di altri titoli aventi diritto di voto per l'elezione degli amministratori o di altri organi di gestione.<\/li><li><strong>Dispositivo<\/strong>\u00a0indica qualsiasi dispositivo che pu\u00f2 accedere al Servizio come un computer, un cellulare o un tablet digitale.<\/li><li><strong>Servizio<\/strong>\u00a0si riferisce al sito web.<\/li><li><strong>Termini e Condizioni<\/strong>\u00a0(chiamati anche \u201cTermini\u201d) indica i presenti Termini e Condizioni che costituiscono l'intero accordo tra l'utente e la Societ\u00e0 in merito all'utilizzo del Servizio.<\/li><li><strong>Servizio di social media di terze parti<\/strong>\u00a0indica qualsiasi servizio o contenuto (inclusi dati, informazioni, prodotti o servizi) fornito da terzi che pu\u00f2 essere visualizzato, incluso o reso disponibile dal Servizio.<\/li><li><strong>Sito web<\/strong> si riferisce a Trader Ai Intal, accessibile da <a href=\"https:\/\/tradeaiintal.com\/it\/\">https:\/\/tradeaiintal.com\/<\/a><\/li><li><strong>Voi<\/strong>\u00a0indica l'individuo che accede o utilizza il Servizio, o la societ\u00e0 o altra entit\u00e0 legale per conto della quale tale individuo accede o utilizza il Servizio, a seconda dei casi.<\/li><\/ul>\t\t\t\t\t\t\t\t<\/div>\n\t\t\t\t<div class=\"elementor-element elementor-element-d9f1fbd elementor-widget elementor-widget-heading\" data-id=\"d9f1fbd\" data-element_type=\"widget\" data-e-type=\"widget\" data-widget_type=\"heading.default\">\n\t\t\t\t\t<h2 class=\"elementor-heading-title elementor-size-default\">Riconoscimento<\/h2>\t\t\t\t<\/div>\n\t\t\t\t<div class=\"elementor-element elementor-element-cb9a84d elementor-widget elementor-widget-text-editor\" data-id=\"cb9a84d\" data-element_type=\"widget\" data-e-type=\"widget\" data-widget_type=\"text-editor.default\">\n\t\t\t\t\t\t\t\t\t<p>Questi sono i Termini e le Condizioni che regolano l'uso di questo Servizio e l'accordo che opera tra Te e la Societ\u00e0. I presenti Termini e Condizioni stabiliscono i diritti e gli obblighi di tutti gli utenti riguardo all'utilizzo del Servizio.<\/p><p>L'accesso e l'utilizzo del Servizio sono condizionati dall'accettazione e dal rispetto dei presenti Termini e Condizioni. I presenti Termini e Condizioni si applicano a tutti i visitatori, utenti e altri che accedono o utilizzano il Servizio.<\/p><p>Accedendo o utilizzando il Servizio accetti di essere vincolato dai presenti Termini e Condizioni. Se non sei d'accordo con qualsiasi parte di questi Termini e Condizioni, non potrai accedere al Servizio.<\/p><p>Dichiari di avere pi\u00f9 di 18 anni. La Societ\u00e0 non consente ai minori di 18 anni di utilizzare il Servizio.<\/p><p>L'accesso e l'utilizzo del Servizio sono condizionati anche dall'accettazione e dal rispetto della Politica sulla Privacy della Societ\u00e0. La nostra Informativa sulla privacy descrive le nostre politiche e procedure sulla raccolta, l'uso e la divulgazione delle tue informazioni personali quando utilizzi l'Applicazione o il sito Web e ti informa sui tuoi diritti alla privacy e su come la legge ti protegge. Si prega di leggere attentamente la nostra Informativa sulla privacy prima di utilizzare il nostro servizio.<\/p>\t\t\t\t\t\t\t\t<\/div>\n\t\t\t\t<div class=\"elementor-element elementor-element-114de04 elementor-widget elementor-widget-heading\" data-id=\"114de04\" data-element_type=\"widget\" data-e-type=\"widget\" data-widget_type=\"heading.default\">\n\t\t\t\t\t<h2 class=\"elementor-heading-title elementor-size-default\">Collegamenti ad altri siti Web<\/h2>\t\t\t\t<\/div>\n\t\t\t\t<div class=\"elementor-element elementor-element-1b3add1 elementor-widget elementor-widget-text-editor\" data-id=\"1b3add1\" data-element_type=\"widget\" data-e-type=\"widget\" data-widget_type=\"text-editor.default\">\n\t\t\t\t\t\t\t\t\t<p>Il nostro Servizio pu\u00f2 contenere collegamenti a siti Web o servizi di terze parti che non sono di propriet\u00e0 o controllati dalla Societ\u00e0.<\/p><p>La Societ\u00e0 non ha alcun controllo e non si assume alcuna responsabilit\u00e0 per il contenuto, le politiche sulla privacy o le pratiche di siti Web o servizi di terzi. Riconosci e accetti inoltre che la Societ\u00e0 non sar\u00e0 responsabile, direttamente o indirettamente, per eventuali danni o perdite causati o presumibilmente causati da o in connessione con l'uso o l'affidamento su tali contenuti, beni o servizi disponibili su o attraverso tali siti web o servizi.<\/p><p>Ti consigliamo vivamente di leggere i termini e le condizioni e le politiche sulla privacy di qualsiasi sito Web o servizio di terze parti che visiti.<\/p>\t\t\t\t\t\t\t\t<\/div>\n\t\t\t\t<div class=\"elementor-element elementor-element-b860351 elementor-widget elementor-widget-heading\" data-id=\"b860351\" data-element_type=\"widget\" data-e-type=\"widget\" data-widget_type=\"heading.default\">\n\t\t\t\t\t<h2 class=\"elementor-heading-title elementor-size-default\">Terminazione<\/h2>\t\t\t\t<\/div>\n\t\t\t\t<div class=\"elementor-element elementor-element-9866c3e elementor-widget elementor-widget-text-editor\" data-id=\"9866c3e\" data-element_type=\"widget\" data-e-type=\"widget\" data-widget_type=\"text-editor.default\">\n\t\t\t\t\t\t\t\t\t<p>Possiamo terminare o sospendere il tuo accesso immediatamente, senza preavviso o responsabilit\u00e0, per qualsiasi motivo, incluso, senza limitazioni, in caso di violazione dei presenti Termini e condizioni.<\/p><p>In caso di risoluzione, il diritto dell'utente a utilizzare il Servizio cesser\u00e0 immediatamente.<\/p>\t\t\t\t\t\t\t\t<\/div>\n\t\t\t\t<div class=\"elementor-element elementor-element-f965b6a elementor-widget elementor-widget-heading\" data-id=\"f965b6a\" data-element_type=\"widget\" data-e-type=\"widget\" data-widget_type=\"heading.default\">\n\t\t\t\t\t<h2 class=\"elementor-heading-title elementor-size-default\">Limitazione di responsabilit\u00e0<\/h2>\t\t\t\t<\/div>\n\t\t\t\t<div class=\"elementor-element elementor-element-a8defc7 elementor-widget elementor-widget-text-editor\" data-id=\"a8defc7\" data-element_type=\"widget\" data-e-type=\"widget\" data-widget_type=\"text-editor.default\">\n\t\t\t\t\t\t\t\t\t<p>Nonostante eventuali danni che potresti subire, l'intera responsabilit\u00e0 della Societ\u00e0 e dei suoi fornitori ai sensi di qualsiasi disposizione dei presenti Termini e il tuo esclusivo rimedio per tutto quanto sopra sar\u00e0 limitato all'importo effettivamente pagato da te tramite il Servizio o 100 USD se non hai acquistato nulla tramite il Servizio.<\/p><p>Nella misura massima consentita dalla legge applicabile, in nessun caso la Societ\u00e0 o i suoi fornitori saranno responsabili per eventuali danni speciali, incidentali, indiretti o consequenziali di qualsiasi tipo (inclusi, ma non limitati a, danni per perdita di profitti, perdita di dati o altre informazioni, per interruzione dell'attivit\u00e0, per lesioni personali, perdita di privacy derivante da o in qualsiasi modo correlata all'uso o all'impossibilit\u00e0 di utilizzare il Servizio, software di terze parti e\/o hardware di terze parti utilizzati con il Servizio, o altrimenti in relazione a qualsiasi disposizione dei presenti Termini), anche se la Societ\u00e0 o qualsiasi fornitore \u00e8 stato informato della possibilit\u00e0 di tali danni e anche se il rimedio non raggiunge il suo scopo essenziale.<\/p><p>Alcuni stati non consentono l'esclusione di garanzie implicite o la limitazione di responsabilit\u00e0 per danni incidentali o consequenziali, il che significa che alcune delle limitazioni di cui sopra potrebbero non essere applicabili. In questi stati, la responsabilit\u00e0 di ciascuna parte sar\u00e0 limitata nella misura massima consentita dalla legge.<\/p>\t\t\t\t\t\t\t\t<\/div>\n\t\t\t\t<div class=\"elementor-element elementor-element-2de8960 elementor-widget elementor-widget-heading\" data-id=\"2de8960\" data-element_type=\"widget\" data-e-type=\"widget\" data-widget_type=\"heading.default\">\n\t\t\t\t\t<h2 class=\"elementor-heading-title elementor-size-default\">Dichiarazione di non responsabilit\u00e0 \"COS\u00cc COM'\u00c8\" e \"COME DISPONIBILE\".<\/h2>\t\t\t\t<\/div>\n\t\t\t\t<div class=\"elementor-element elementor-element-6b73392 elementor-widget elementor-widget-text-editor\" data-id=\"6b73392\" data-element_type=\"widget\" data-e-type=\"widget\" data-widget_type=\"text-editor.default\">\n\t\t\t\t\t\t\t\t\t<p>Il Servizio ti viene fornito \u201cCOS\u00cc COM'\u00c8\u201d e \u201cCOME DISPONIBILE\u201d e con tutti i vizi e difetti senza garanzia di alcun tipo. Nella misura massima consentita dalla legge applicabile, la Societ\u00e0, per proprio conto e per conto delle sue Affiliate e dei suoi rispettivi licenziatari e fornitori di servizi, esclude espressamente tutte le garanzie, esplicite, implicite, statutarie o di altro tipo, rispetto al Servizio, comprese tutte le garanzie implicite di commerciabilit\u00e0, idoneit\u00e0 per uno scopo particolare, titolo e non violazione e garanzie che potrebbero derivare da trattative, prestazioni, utilizzo o pratiche commerciali. Senza limitazione a quanto sopra, la Societ\u00e0 non fornisce alcuna garanzia o impegno e non rilascia alcuna dichiarazione di alcun tipo che il Servizio soddisfer\u00e0 i requisiti dell'utente, raggiunger\u00e0 i risultati desiderati, sar\u00e0 compatibile o funzioner\u00e0 con qualsiasi altro software, applicazione, sistema o servizio, funzioner\u00e0 senza interruzioni, soddisfi gli standard di prestazione o affidabilit\u00e0 o siano privi di errori o che eventuali errori o difetti possano o saranno corretti.<\/p><p>Senza limitare quanto sopra, n\u00e9 la Societ\u00e0 n\u00e9 alcuno dei fornitori della societ\u00e0 rilascia alcuna dichiarazione o garanzia di alcun tipo, espressa o implicita: (i) in merito al funzionamento o alla disponibilit\u00e0 del Servizio, o alle informazioni, ai contenuti, ai materiali o ai prodotti incluso; (ii) che il Servizio sar\u00e0 ininterrotto o privo di errori; (iii) per quanto riguarda l'accuratezza, l'affidabilit\u00e0 o l'attualit\u00e0 di qualsiasi informazione o contenuto fornito tramite il Servizio; o (iv) che il Servizio, i suoi server, il contenuto o le e-mail inviate da o per conto della Societ\u00e0 siano privi di virus, script, trojan horse, worm, malware, timebomb o altri componenti dannosi.<\/p><p>Alcune giurisdizioni non consentono l'esclusione di determinati tipi di garanzie o limitazioni sui diritti legali applicabili di un consumatore, pertanto alcune o tutte le esclusioni e limitazioni di cui sopra potrebbero non essere applicabili al tuo caso. Tuttavia, in tal caso, le esclusioni e le limitazioni stabilite nella presente sezione saranno applicate nella misura massima consentita dalla legge applicabile.<\/p>\t\t\t\t\t\t\t\t<\/div>\n\t\t\t\t<div class=\"elementor-element elementor-element-30339a8 elementor-widget elementor-widget-heading\" data-id=\"30339a8\" data-element_type=\"widget\" data-e-type=\"widget\" data-widget_type=\"heading.default\">\n\t\t\t\t\t<h2 class=\"elementor-heading-title elementor-size-default\">Governing Law<\/h2>\t\t\t\t<\/div>\n\t\t\t\t<div class=\"elementor-element elementor-element-cab0ec0 elementor-widget elementor-widget-text-editor\" data-id=\"cab0ec0\" data-element_type=\"widget\" data-e-type=\"widget\" data-widget_type=\"text-editor.default\">\n\t\t\t\t\t\t\t\t\t<p>Le leggi del Paese, esclusi i conflitti di norme di legge, regoleranno i presenti Termini e il tuo utilizzo del Servizio. L'utilizzo dell'Applicazione pu\u00f2 essere soggetto anche ad altre leggi locali, statali, nazionali o internazionali.<\/p>\t\t\t\t\t\t\t\t<\/div>\n\t\t\t\t<div class=\"elementor-element elementor-element-4ec1cba elementor-widget elementor-widget-heading\" data-id=\"4ec1cba\" data-element_type=\"widget\" data-e-type=\"widget\" data-widget_type=\"heading.default\">\n\t\t\t\t\t<h2 class=\"elementor-heading-title elementor-size-default\">Risoluzione delle controversie<\/h2>\t\t\t\t<\/div>\n\t\t\t\t<div class=\"elementor-element elementor-element-387cf67 elementor-widget elementor-widget-text-editor\" data-id=\"387cf67\" data-element_type=\"widget\" data-e-type=\"widget\" data-widget_type=\"text-editor.default\">\n\t\t\t\t\t\t\t\t\t<p>In caso di dubbi o controversie sul Servizio, l'utente accetta di provare prima a risolvere la controversia in modo informale contattando la Societ\u00e0.<\/p>\t\t\t\t\t\t\t\t<\/div>\n\t\t\t\t<div class=\"elementor-element elementor-element-d44410c elementor-widget elementor-widget-heading\" data-id=\"d44410c\" data-element_type=\"widget\" data-e-type=\"widget\" data-widget_type=\"heading.default\">\n\t\t\t\t\t<h2 class=\"elementor-heading-title elementor-size-default\">Per gli utenti dell'Unione Europea (UE)<\/h2>\t\t\t\t<\/div>\n\t\t\t\t<div class=\"elementor-element elementor-element-5b96c38 elementor-widget elementor-widget-text-editor\" data-id=\"5b96c38\" data-element_type=\"widget\" data-e-type=\"widget\" data-widget_type=\"text-editor.default\">\n\t\t\t\t\t\t\t\t\t<p>Se sei un consumatore dell'Unione Europea, beneficerai di eventuali disposizioni imperative previste dalla legge del Paese in cui risiedi.<\/p>\t\t\t\t\t\t\t\t<\/div>\n\t\t\t\t<div class=\"elementor-element elementor-element-1855778 elementor-widget elementor-widget-heading\" data-id=\"1855778\" data-element_type=\"widget\" data-e-type=\"widget\" data-widget_type=\"heading.default\">\n\t\t\t\t\t<h2 class=\"elementor-heading-title elementor-size-default\">Conformit\u00e0 legale degli Stati Uniti<\/h2>\t\t\t\t<\/div>\n\t\t\t\t<div class=\"elementor-element elementor-element-4326406 elementor-widget elementor-widget-text-editor\" data-id=\"4326406\" data-element_type=\"widget\" data-e-type=\"widget\" data-widget_type=\"text-editor.default\">\n\t\t\t\t\t\t\t\t\t<p>Dichiari e garantisci che (i) non ti trovi in \u200b\u200bun paese soggetto all'embargo del governo degli Stati Uniti o che \u00e8 stato designato dal governo degli Stati Uniti come paese che \"sostenitore del terrorismo\" e (ii) non sei elencati in qualsiasi elenco del governo degli Stati Uniti di soggetti vietati o soggetti a restrizioni.<\/p>\t\t\t\t\t\t\t\t<\/div>\n\t\t\t\t<div class=\"elementor-element elementor-element-cf87737 elementor-widget elementor-widget-heading\" data-id=\"cf87737\" data-element_type=\"widget\" data-e-type=\"widget\" data-widget_type=\"heading.default\">\n\t\t\t\t\t<h2 class=\"elementor-heading-title elementor-size-default\">Separabilit\u00e0 e rinuncia<\/h2>\t\t\t\t<\/div>\n\t\t\t\t<div class=\"elementor-element elementor-element-579a0ac elementor-widget elementor-widget-heading\" data-id=\"579a0ac\" data-element_type=\"widget\" data-e-type=\"widget\" data-widget_type=\"heading.default\">\n\t\t\t\t\t<h2 class=\"elementor-heading-title elementor-size-default\">Separabilit\u00e0<\/h2>\t\t\t\t<\/div>\n\t\t\t\t<div class=\"elementor-element elementor-element-3255520 elementor-widget elementor-widget-text-editor\" data-id=\"3255520\" data-element_type=\"widget\" data-e-type=\"widget\" data-widget_type=\"text-editor.default\">\n\t\t\t\t\t\t\t\t\t<p>Se una qualsiasi disposizione delle presenti Condizioni \u00e8 ritenuta inapplicabile o non valida, tale disposizione sar\u00e0 modificata e interpretata per raggiungere gli obiettivi di tale disposizione nella misura massima possibile ai sensi della legge applicabile e le restanti disposizioni continueranno ad avere piena validit\u00e0 ed efficacia.<\/p>\t\t\t\t\t\t\t\t<\/div>\n\t\t\t\t<div class=\"elementor-element elementor-element-7fa7170 elementor-widget elementor-widget-heading\" data-id=\"7fa7170\" data-element_type=\"widget\" data-e-type=\"widget\" data-widget_type=\"heading.default\">\n\t\t\t\t\t<h2 class=\"elementor-heading-title elementor-size-default\">Rinuncia<\/h2>\t\t\t\t<\/div>\n\t\t\t\t<div class=\"elementor-element elementor-element-ee4f6de elementor-widget elementor-widget-text-editor\" data-id=\"ee4f6de\" data-element_type=\"widget\" data-e-type=\"widget\" data-widget_type=\"text-editor.default\">\n\t\t\t\t\t\t\t\t\t<p>Se una qualsiasi disposizione delle presenti Condizioni \u00e8 ritenuta inapplicabile o non valida, tale disposizione sar\u00e0 modificata e interpretata per raggiungere gli obiettivi di tale disposizione nella misura massima possibile ai sensi della legge applicabile e le restanti disposizioni continueranno ad avere piena validit\u00e0 ed efficacia.<\/p>\t\t\t\t\t\t\t\t<\/div>\n\t\t\t\t<div class=\"elementor-element elementor-element-fada6dd elementor-widget elementor-widget-heading\" data-id=\"fada6dd\" data-element_type=\"widget\" data-e-type=\"widget\" data-widget_type=\"heading.default\">\n\t\t\t\t\t<h2 class=\"elementor-heading-title elementor-size-default\">Interpretazione della traduzione<\/h2>\t\t\t\t<\/div>\n\t\t\t\t<div class=\"elementor-element elementor-element-97707fc elementor-widget elementor-widget-text-editor\" data-id=\"97707fc\" data-element_type=\"widget\" data-e-type=\"widget\" data-widget_type=\"text-editor.default\">\n\t\t\t\t\t\t\t\t\t<p>I presenti Termini e Condizioni potrebbero essere stati tradotti se li abbiamo resi disponibili all'utente sul nostro Servizio. L'utente accetta che in caso di controversia prevarr\u00e0 il testo originale inglese.<\/p>\t\t\t\t\t\t\t\t<\/div>\n\t\t\t\t<div class=\"elementor-element elementor-element-60a4843 elementor-widget elementor-widget-heading\" data-id=\"60a4843\" data-element_type=\"widget\" data-e-type=\"widget\" data-widget_type=\"heading.default\">\n\t\t\t\t\t<h2 class=\"elementor-heading-title elementor-size-default\">Modifiche a questi Termini e Condizioni<\/h2>\t\t\t\t<\/div>\n\t\t\t\t<div class=\"elementor-element elementor-element-5f8a751 elementor-widget elementor-widget-text-editor\" data-id=\"5f8a751\" data-element_type=\"widget\" data-e-type=\"widget\" data-widget_type=\"text-editor.default\">\n\t\t\t\t\t\t\t\t\t<p>Ci riserviamo il diritto, a nostra esclusiva discrezione, di modificare o sostituire i presenti Termini in qualsiasi momento. Se una revisione \u00e8 sostanziale, faremo ogni ragionevole sforzo per fornire un preavviso di almeno 30 giorni prima che i nuovi termini entrino in vigore. Ci\u00f2 che costituisce una modifica materiale sar\u00e0 determinato a nostra esclusiva discrezione.<\/p><p>Continuando ad accedere o utilizzare il Nostro Servizio dopo che tali revisioni sono diventate effettive, accetti di essere vincolato dai termini modificati. Se non accetti i nuovi termini, in tutto o in parte, ti preghiamo di interrompere l'utilizzo del sito web e del Servizio.<\/p>\t\t\t\t\t\t\t\t<\/div>\n\t\t\t\t<div class=\"elementor-element elementor-element-290b716 elementor-widget elementor-widget-heading\" data-id=\"290b716\" data-element_type=\"widget\" data-e-type=\"widget\" data-widget_type=\"heading.default\">\n\t\t\t\t\t<h2 class=\"elementor-heading-title elementor-size-default\">Contattaci<\/h2>\t\t\t\t<\/div>\n\t\t\t\t<div class=\"elementor-element elementor-element-51ba616 elementor-widget elementor-widget-text-editor\" data-id=\"51ba616\" data-element_type=\"widget\" data-e-type=\"widget\" data-widget_type=\"text-editor.default\">\n\t\t\t\t\t\t\t\t\t<p>Se hai domande su questi Termini e Condizioni, puoi contattarci: <a href=\"mailto:support@tradeaiintal.com\">support@tradeaiintal.com<\/a><\/p>\t\t\t\t\t\t\t\t<\/div>\n\t\t\t\t\t<\/div>\n\t\t\t\t<\/div>\n\t\t\t\t\t<\/div>\n\t\t\t\t<\/div>\n\t\t\t\t\t<\/div>\n\t\t\t\t<\/div>\n\t\t\t\t<\/div>","protected":false},"excerpt":{"rendered":"<p>Terms &amp; Conditions Please read these terms and conditions carefully before using Our Service. Interpretation and Definitions Interpretation The words of which the initial letter is capitalized have meanings defined under the following conditions. The following definitions shall have the same meaning regardless of whether they appear in singular or in plural. Definitions For the [&hellip;]<\/p>\n","protected":false},"author":1,"featured_media":0,"parent":0,"menu_order":0,"comment_status":"closed","ping_status":"closed","template":"elementor_header_footer","meta":{"footnotes":""},"class_list":["post-21","page","type-page","status-publish","hentry"],"_links":{"self":[{"href":"https:\/\/tradeaiintal.com\/it\/wp-json\/wp\/v2\/pages\/21","targetHints":{"allow":["GET"]}}],"collection":[{"href":"https:\/\/tradeaiintal.com\/it\/wp-json\/wp\/v2\/pages"}],"about":[{"href":"https:\/\/tradeaiintal.com\/it\/wp-json\/wp\/v2\/types\/page"}],"author":[{"embeddable":true,"href":"https:\/\/tradeaiintal.com\/it\/wp-json\/wp\/v2\/users\/1"}],"replies":[{"embeddable":true,"href":"https:\/\/tradeaiintal.com\/it\/wp-json\/wp\/v2\/comments?post=21"}],"version-history":[{"count":0,"href":"https:\/\/tradeaiintal.com\/it\/wp-json\/wp\/v2\/pages\/21\/revisions"}],"wp:attachment":[{"href":"https:\/\/tradeaiintal.com\/it\/wp-json\/wp\/v2\/media?parent=21"}],"curies":[{"name":"wp","href":"https:\/\/api.w.org\/{rel}","templated":true}]}}