{"id":21,"date":"2024-02-12T06:53:30","date_gmt":"2024-02-12T06:53:30","guid":{"rendered":"https:\/\/tradeaiintal.com\/?page_id=21"},"modified":"2025-12-18T06:39:58","modified_gmt":"2025-12-18T06:39:58","slug":"termos-e-condicoes","status":"publish","type":"page","link":"https:\/\/tradeaiintal.com\/pt\/terms-conditions\/","title":{"rendered":"Termos e Condi\u00e7\u00f5es"},"content":{"rendered":"<div data-elementor-type=\"wp-page\" data-elementor-id=\"21\" class=\"elementor elementor-21\" data-elementor-post-type=\"page\">\n\t\t\t\t<div class=\"elementor-element elementor-element-111a40c e-flex e-con-boxed e-con e-parent\" data-id=\"111a40c\" data-element_type=\"container\" data-e-type=\"container\" data-settings=\"{&quot;background_background&quot;:&quot;classic&quot;}\">\n\t\t\t\t\t<div class=\"e-con-inner\">\n\t\t\t\t<div class=\"elementor-element elementor-element-b95a43f elementor-widget elementor-widget-heading\" data-id=\"b95a43f\" data-element_type=\"widget\" data-e-type=\"widget\" data-widget_type=\"heading.default\">\n\t\t\t\t\t<h1 class=\"elementor-heading-title elementor-size-default\">Termos e condi\u00e7\u00f5es<\/h1>\t\t\t\t<\/div>\n\t\t\t\t\t<\/div>\n\t\t\t\t<\/div>\n\t\t<div class=\"elementor-element elementor-element-2edfa6a e-flex e-con-boxed e-con e-parent\" data-id=\"2edfa6a\" data-element_type=\"container\" data-e-type=\"container\">\n\t\t\t\t\t<div class=\"e-con-inner\">\n\t\t<div class=\"elementor-element elementor-element-7d9bad5 e-flex e-con-boxed e-con e-child\" data-id=\"7d9bad5\" data-element_type=\"container\" data-e-type=\"container\">\n\t\t\t\t\t<div class=\"e-con-inner\">\n\t\t<div class=\"elementor-element elementor-element-fdbda54 e-flex e-con-boxed e-con e-child\" data-id=\"fdbda54\" data-element_type=\"container\" data-e-type=\"container\">\n\t\t\t\t\t<div class=\"e-con-inner\">\n\t\t\t\t<div class=\"elementor-element elementor-element-b1e636d elementor-widget elementor-widget-text-editor\" data-id=\"b1e636d\" data-element_type=\"widget\" data-e-type=\"widget\" data-widget_type=\"text-editor.default\">\n\t\t\t\t\t\t\t\t\t<p>Leia atentamente estes termos e condi\u00e7\u00f5es antes de usar nosso servi\u00e7o.<\/p>\t\t\t\t\t\t\t\t<\/div>\n\t\t\t\t<div class=\"elementor-element elementor-element-dcb066a elementor-widget elementor-widget-heading\" data-id=\"dcb066a\" data-element_type=\"widget\" data-e-type=\"widget\" data-widget_type=\"heading.default\">\n\t\t\t\t\t<h2 class=\"elementor-heading-title elementor-size-default\">Interpreta\u00e7\u00e3o e defini\u00e7\u00f5es<\/h2>\t\t\t\t<\/div>\n\t\t\t\t<div class=\"elementor-element elementor-element-14a1bab elementor-widget elementor-widget-heading\" data-id=\"14a1bab\" data-element_type=\"widget\" data-e-type=\"widget\" data-widget_type=\"heading.default\">\n\t\t\t\t\t<h2 class=\"elementor-heading-title elementor-size-default\">Interpreta\u00e7\u00e3o<\/h2>\t\t\t\t<\/div>\n\t\t\t\t<div class=\"elementor-element elementor-element-f5193b4 elementor-widget elementor-widget-text-editor\" data-id=\"f5193b4\" data-element_type=\"widget\" data-e-type=\"widget\" data-widget_type=\"text-editor.default\">\n\t\t\t\t\t\t\t\t\t<p>As palavras cuja letra inicial \u00e9 mai\u00fascula t\u00eam significados definidos nas seguintes condi\u00e7\u00f5es. As defini\u00e7\u00f5es a seguir ter\u00e3o o mesmo significado, independentemente de aparecerem no singular ou no plural.<\/p>\t\t\t\t\t\t\t\t<\/div>\n\t\t\t\t<div class=\"elementor-element elementor-element-5259d47 elementor-widget elementor-widget-heading\" data-id=\"5259d47\" data-element_type=\"widget\" data-e-type=\"widget\" data-widget_type=\"heading.default\">\n\t\t\t\t\t<h2 class=\"elementor-heading-title elementor-size-default\">Defini\u00e7\u00f5es<\/h2>\t\t\t\t<\/div>\n\t\t\t\t<div class=\"elementor-element elementor-element-4d62ed4 elementor-widget elementor-widget-text-editor\" data-id=\"4d62ed4\" data-element_type=\"widget\" data-e-type=\"widget\" data-widget_type=\"text-editor.default\">\n\t\t\t\t\t\t\t\t\t<p>Para os fins destes Termos e Condi\u00e7\u00f5es:<\/p><ul><li><strong>Afiliada<\/strong>\u00a0significa uma entidade que controla, \u00e9 controlada por ou est\u00e1 sob controle comum com uma parte, sendo que \"controle\" significa a propriedade de 50% ou mais das a\u00e7\u00f5es, participa\u00e7\u00e3o acion\u00e1ria ou outros t\u00edtulos com direito a voto para elei\u00e7\u00e3o de diretores ou outra autoridade administrativa.<\/li><li><strong>Dispositivo<\/strong>\u00a0significa qualquer dispositivo que possa acessar o Servi\u00e7o, como um computador, um celular ou um tablet digital.<\/li><li><strong>Servi\u00e7o<\/strong>\u00a0refere-se ao Site.<\/li><li><strong>Termos e condi\u00e7\u00f5es<\/strong>\u00a0(tamb\u00e9m chamados de \"Termos\") significam estes Termos e Condi\u00e7\u00f5es que formam o acordo integral entre o Usu\u00e1rio e a Empresa com rela\u00e7\u00e3o ao uso do Servi\u00e7o.<\/li><li><strong>Servi\u00e7o de m\u00eddia social de terceiros<\/strong>\u00a0significa quaisquer servi\u00e7os ou conte\u00fado (incluindo dados, informa\u00e7\u00f5es, produtos ou servi\u00e7os) fornecidos por terceiros que possam ser exibidos, inclu\u00eddos ou disponibilizados pelo Servi\u00e7o.<\/li><li><strong>Site<\/strong> refere-se ao Trader Ai Intal, acess\u00edvel a partir de <a href=\"https:\/\/tradeaiintal.com\/pt\/\">https:\/\/tradeaiintal.com\/<\/a><\/li><li><strong>Voc\u00ea<\/strong>\u00a0significa o indiv\u00edduo que est\u00e1 acessando ou usando o Servi\u00e7o, ou a empresa ou outra entidade legal em nome da qual esse indiv\u00edduo est\u00e1 acessando ou usando o Servi\u00e7o, conforme aplic\u00e1vel.<\/li><\/ul>\t\t\t\t\t\t\t\t<\/div>\n\t\t\t\t<div class=\"elementor-element elementor-element-d9f1fbd elementor-widget elementor-widget-heading\" data-id=\"d9f1fbd\" data-element_type=\"widget\" data-e-type=\"widget\" data-widget_type=\"heading.default\">\n\t\t\t\t\t<h2 class=\"elementor-heading-title elementor-size-default\">Agradecimento<\/h2>\t\t\t\t<\/div>\n\t\t\t\t<div class=\"elementor-element elementor-element-cb9a84d elementor-widget elementor-widget-text-editor\" data-id=\"cb9a84d\" data-element_type=\"widget\" data-e-type=\"widget\" data-widget_type=\"text-editor.default\">\n\t\t\t\t\t\t\t\t\t<p>Estes s\u00e3o os Termos e Condi\u00e7\u00f5es que regem o uso deste Servi\u00e7o e o acordo que opera entre o Usu\u00e1rio e a Empresa. Estes Termos e Condi\u00e7\u00f5es estabelecem os direitos e as obriga\u00e7\u00f5es de todos os usu\u00e1rios em rela\u00e7\u00e3o ao uso do Servi\u00e7o.<\/p><p>Seu acesso e uso do Servi\u00e7o est\u00e3o condicionados \u00e0 sua aceita\u00e7\u00e3o e ao cumprimento destes Termos e Condi\u00e7\u00f5es. Estes Termos e Condi\u00e7\u00f5es se aplicam a todos os visitantes, usu\u00e1rios e outros que acessam ou usam o Servi\u00e7o.<\/p><p>Ao acessar ou usar o Servi\u00e7o, o usu\u00e1rio concorda em obedecer a estes Termos e Condi\u00e7\u00f5es. Se voc\u00ea n\u00e3o concordar com qualquer parte destes Termos e Condi\u00e7\u00f5es, n\u00e3o poder\u00e1 acessar o Servi\u00e7o.<\/p><p>Voc\u00ea declara que tem mais de 18 anos de idade. A Empresa n\u00e3o permite que menores de 18 anos usem o Servi\u00e7o.<\/p><p>Seu acesso e uso do Servi\u00e7o tamb\u00e9m est\u00e3o condicionados \u00e0 sua aceita\u00e7\u00e3o e conformidade com a Pol\u00edtica de Privacidade da Empresa. Nossa Pol\u00edtica de Privacidade descreve nossas pol\u00edticas e procedimentos sobre a coleta, o uso e a divulga\u00e7\u00e3o de suas informa\u00e7\u00f5es pessoais quando voc\u00ea usa o Aplicativo ou o Site e informa sobre seus direitos de privacidade e como a lei o protege. Leia atentamente nossa Pol\u00edtica de Privacidade antes de usar nosso Servi\u00e7o.<\/p>\t\t\t\t\t\t\t\t<\/div>\n\t\t\t\t<div class=\"elementor-element elementor-element-114de04 elementor-widget elementor-widget-heading\" data-id=\"114de04\" data-element_type=\"widget\" data-e-type=\"widget\" data-widget_type=\"heading.default\">\n\t\t\t\t\t<h2 class=\"elementor-heading-title elementor-size-default\">Links para outros sites<\/h2>\t\t\t\t<\/div>\n\t\t\t\t<div class=\"elementor-element elementor-element-1b3add1 elementor-widget elementor-widget-text-editor\" data-id=\"1b3add1\" data-element_type=\"widget\" data-e-type=\"widget\" data-widget_type=\"text-editor.default\">\n\t\t\t\t\t\t\t\t\t<p>Nosso Servi\u00e7o pode conter links para sites ou servi\u00e7os de terceiros que n\u00e3o s\u00e3o de propriedade ou controlados pela Empresa.<\/p><p>A Empresa n\u00e3o tem controle e n\u00e3o assume nenhuma responsabilidade pelo conte\u00fado, pol\u00edticas de privacidade ou pr\u00e1ticas de sites ou servi\u00e7os de terceiros. O usu\u00e1rio tamb\u00e9m reconhece e concorda que a Empresa n\u00e3o ser\u00e1 respons\u00e1vel, direta ou indiretamente, por qualquer dano ou perda causado ou supostamente causado por ou em conex\u00e3o com o uso ou a confian\u00e7a em qualquer conte\u00fado, bens ou servi\u00e7os dispon\u00edveis em ou por meio de tais sites ou servi\u00e7os.<\/p><p>Recomendamos enfaticamente que voc\u00ea leia os termos e condi\u00e7\u00f5es e as pol\u00edticas de privacidade de todos os sites ou servi\u00e7os de terceiros que voc\u00ea visitar.<\/p>\t\t\t\t\t\t\t\t<\/div>\n\t\t\t\t<div class=\"elementor-element elementor-element-b860351 elementor-widget elementor-widget-heading\" data-id=\"b860351\" data-element_type=\"widget\" data-e-type=\"widget\" data-widget_type=\"heading.default\">\n\t\t\t\t\t<h2 class=\"elementor-heading-title elementor-size-default\">Rescis\u00e3o<\/h2>\t\t\t\t<\/div>\n\t\t\t\t<div class=\"elementor-element elementor-element-9866c3e elementor-widget elementor-widget-text-editor\" data-id=\"9866c3e\" data-element_type=\"widget\" data-e-type=\"widget\" data-widget_type=\"text-editor.default\">\n\t\t\t\t\t\t\t\t\t<p>Poderemos encerrar ou suspender seu acesso imediatamente, sem aviso pr\u00e9vio ou responsabilidade, por qualquer motivo, inclusive, sem limita\u00e7\u00e3o, se voc\u00ea violar estes Termos e Condi\u00e7\u00f5es.<\/p><p>Ap\u00f3s a rescis\u00e3o, seu direito de usar o Servi\u00e7o cessar\u00e1 imediatamente.<\/p>\t\t\t\t\t\t\t\t<\/div>\n\t\t\t\t<div class=\"elementor-element elementor-element-f965b6a elementor-widget elementor-widget-heading\" data-id=\"f965b6a\" data-element_type=\"widget\" data-e-type=\"widget\" data-widget_type=\"heading.default\">\n\t\t\t\t\t<h2 class=\"elementor-heading-title elementor-size-default\">Limita\u00e7\u00e3o de responsabilidade<\/h2>\t\t\t\t<\/div>\n\t\t\t\t<div class=\"elementor-element elementor-element-a8defc7 elementor-widget elementor-widget-text-editor\" data-id=\"a8defc7\" data-element_type=\"widget\" data-e-type=\"widget\" data-widget_type=\"text-editor.default\">\n\t\t\t\t\t\t\t\t\t<p>N\u00e3o obstante quaisquer danos em que voc\u00ea possa incorrer, toda a responsabilidade da Empresa e de qualquer um de seus fornecedores, de acordo com qualquer disposi\u00e7\u00e3o destes Termos, e seu recurso exclusivo para tudo o que foi mencionado acima, ser\u00e1 limitada ao valor efetivamente pago por voc\u00ea por meio do Servi\u00e7o ou a 100 USD, caso voc\u00ea n\u00e3o tenha comprado nada por meio do Servi\u00e7o.<\/p><p>At\u00e9 o limite m\u00e1ximo permitido pela lei aplic\u00e1vel, em nenhuma hip\u00f3tese a Empresa ou seus fornecedores ser\u00e3o respons\u00e1veis por quaisquer danos especiais, incidentais, indiretos ou consequenciais (incluindo, entre outros, danos por perda de lucros, perda de dados ou outras informa\u00e7\u00f5es, interrup\u00e7\u00e3o de neg\u00f3cios, danos pessoais, perda de privacidade, etc.) decorrentes de ou de alguma forma relacionados ao uso ou \u00e0 incapacidade de usar o Servi\u00e7o, software de terceiros e\/ou hardware de terceiros usados com o Servi\u00e7o ou de outra forma relacionados a qualquer disposi\u00e7\u00e3o destes Termos), mesmo que isso n\u00e3o se limite a danos por perda de lucros, perda de dados ou outras informa\u00e7\u00f5es, interrup\u00e7\u00e3o de neg\u00f3cios, danos pessoais, perda de privacidade, etc, perda de privacidade decorrente de ou de alguma forma relacionada ao uso ou \u00e0 incapacidade de usar o Servi\u00e7o, software de terceiros e\/ou hardware de terceiros usado com o Servi\u00e7o, ou de outra forma em conex\u00e3o com qualquer disposi\u00e7\u00e3o destes Termos), mesmo que a Empresa ou qualquer fornecedor tenha sido avisado da possibilidade de tais danos e mesmo que o recurso falhe em seu prop\u00f3sito essencial.<\/p><p>Alguns estados n\u00e3o permitem a exclus\u00e3o de garantias impl\u00edcitas ou a limita\u00e7\u00e3o de responsabilidade por danos incidentais ou consequenciais, o que significa que algumas das limita\u00e7\u00f5es acima podem n\u00e3o se aplicar. Nesses estados, a responsabilidade de cada parte ser\u00e1 limitada \u00e0 maior extens\u00e3o permitida por lei.<\/p>\t\t\t\t\t\t\t\t<\/div>\n\t\t\t\t<div class=\"elementor-element elementor-element-2de8960 elementor-widget elementor-widget-heading\" data-id=\"2de8960\" data-element_type=\"widget\" data-e-type=\"widget\" data-widget_type=\"heading.default\">\n\t\t\t\t\t<h2 class=\"elementor-heading-title elementor-size-default\">Isen\u00e7\u00e3o de responsabilidade \"COMO EST\u00c1\" e \"CONFORME DISPON\u00cdVEL\"<\/h2>\t\t\t\t<\/div>\n\t\t\t\t<div class=\"elementor-element elementor-element-6b73392 elementor-widget elementor-widget-text-editor\" data-id=\"6b73392\" data-element_type=\"widget\" data-e-type=\"widget\" data-widget_type=\"text-editor.default\">\n\t\t\t\t\t\t\t\t\t<p>O Servi\u00e7o \u00e9 fornecido a voc\u00ea \"NO ESTADO EM QUE SE ENCONTRA\" e \"CONFORME DISPON\u00cdVEL\" e com todas as falhas e defeitos, sem garantia de qualquer tipo. At\u00e9 o limite m\u00e1ximo permitido pela legisla\u00e7\u00e3o aplic\u00e1vel, a Empresa, em seu pr\u00f3prio nome e em nome de suas Afiliadas e de seus respectivos licenciadores e prestadores de servi\u00e7os, isenta-se expressamente de todas as garantias, sejam elas expressas, impl\u00edcitas, estatut\u00e1rias ou de outra forma, com rela\u00e7\u00e3o ao Servi\u00e7o, incluindo todas as garantias impl\u00edcitas de comercializa\u00e7\u00e3o, adequa\u00e7\u00e3o a uma finalidade espec\u00edfica, t\u00edtulo e n\u00e3o viola\u00e7\u00e3o, e garantias que possam surgir do curso da negocia\u00e7\u00e3o, do curso do desempenho, do uso ou da pr\u00e1tica comercial. Sem limita\u00e7\u00e3o ao acima exposto, a Empresa n\u00e3o oferece nenhuma garantia ou compromisso e n\u00e3o faz nenhuma declara\u00e7\u00e3o de qualquer tipo de que o Servi\u00e7o atender\u00e1 aos seus requisitos, alcan\u00e7ar\u00e1 os resultados pretendidos, ser\u00e1 compat\u00edvel ou funcionar\u00e1 com qualquer outro software, aplicativo, sistema ou servi\u00e7o, operar\u00e1 sem interrup\u00e7\u00e3o, atender\u00e1 a qualquer padr\u00e3o de desempenho ou confiabilidade ou estar\u00e1 livre de erros ou que quaisquer erros ou defeitos poder\u00e3o ou ser\u00e3o corrigidos.<\/p><p>Sem limitar o acima exposto, nem a Empresa nem qualquer provedor da Empresa faz qualquer declara\u00e7\u00e3o ou garantia de qualquer tipo, expressa ou impl\u00edcita: (i) quanto \u00e0 opera\u00e7\u00e3o ou disponibilidade do Servi\u00e7o, ou \u00e0s informa\u00e7\u00f5es, ao conte\u00fado e aos materiais ou produtos nele inclu\u00eddos; (ii) que o Servi\u00e7o ser\u00e1 ininterrupto ou livre de erros; (iii) quanto \u00e0 precis\u00e3o, confiabilidade ou atualidade de qualquer informa\u00e7\u00e3o ou conte\u00fado fornecido por meio do Servi\u00e7o; ou (iv) que o Servi\u00e7o, seus servidores, o conte\u00fado ou os e-mails enviados pela Empresa ou em seu nome estejam livres de v\u00edrus, scripts, cavalos de troia, worms, malware, bombas-rel\u00f3gio ou outros componentes prejudiciais.<\/p><p>Algumas jurisdi\u00e7\u00f5es n\u00e3o permitem a exclus\u00e3o de certos tipos de garantias ou limita\u00e7\u00f5es nos direitos legais aplic\u00e1veis de um consumidor, portanto, algumas ou todas as exclus\u00f5es e limita\u00e7\u00f5es acima podem n\u00e3o se aplicar a Voc\u00ea. Mas, nesse caso, as exclus\u00f5es e limita\u00e7\u00f5es estabelecidas nesta se\u00e7\u00e3o dever\u00e3o ser aplicadas na maior extens\u00e3o poss\u00edvel de acordo com a lei aplic\u00e1vel.<\/p>\t\t\t\t\t\t\t\t<\/div>\n\t\t\t\t<div class=\"elementor-element elementor-element-30339a8 elementor-widget elementor-widget-heading\" data-id=\"30339a8\" data-element_type=\"widget\" data-e-type=\"widget\" data-widget_type=\"heading.default\">\n\t\t\t\t\t<h2 class=\"elementor-heading-title elementor-size-default\">Legisla\u00e7\u00e3o aplic\u00e1vel<\/h2>\t\t\t\t<\/div>\n\t\t\t\t<div class=\"elementor-element elementor-element-cab0ec0 elementor-widget elementor-widget-text-editor\" data-id=\"cab0ec0\" data-element_type=\"widget\" data-e-type=\"widget\" data-widget_type=\"text-editor.default\">\n\t\t\t\t\t\t\t\t\t<p>As leis do Pa\u00eds, excluindo suas regras de conflitos de leis, reger\u00e3o estes Termos e seu uso do Servi\u00e7o. Seu uso do Aplicativo tamb\u00e9m poder\u00e1 estar sujeito a outras leis locais, estaduais, nacionais ou internacionais.<\/p>\t\t\t\t\t\t\t\t<\/div>\n\t\t\t\t<div class=\"elementor-element elementor-element-4ec1cba elementor-widget elementor-widget-heading\" data-id=\"4ec1cba\" data-element_type=\"widget\" data-e-type=\"widget\" data-widget_type=\"heading.default\">\n\t\t\t\t\t<h2 class=\"elementor-heading-title elementor-size-default\">Resolu\u00e7\u00e3o de disputas<\/h2>\t\t\t\t<\/div>\n\t\t\t\t<div class=\"elementor-element elementor-element-387cf67 elementor-widget elementor-widget-text-editor\" data-id=\"387cf67\" data-element_type=\"widget\" data-e-type=\"widget\" data-widget_type=\"text-editor.default\">\n\t\t\t\t\t\t\t\t\t<p>Se Voc\u00ea tiver qualquer preocupa\u00e7\u00e3o ou disputa sobre o Servi\u00e7o, Voc\u00ea concorda em primeiro tentar resolver a disputa informalmente entrando em contato com a Empresa.<\/p>\t\t\t\t\t\t\t\t<\/div>\n\t\t\t\t<div class=\"elementor-element elementor-element-d44410c elementor-widget elementor-widget-heading\" data-id=\"d44410c\" data-element_type=\"widget\" data-e-type=\"widget\" data-widget_type=\"heading.default\">\n\t\t\t\t\t<h2 class=\"elementor-heading-title elementor-size-default\">Para usu\u00e1rios da Uni\u00e3o Europeia (UE)<\/h2>\t\t\t\t<\/div>\n\t\t\t\t<div class=\"elementor-element elementor-element-5b96c38 elementor-widget elementor-widget-text-editor\" data-id=\"5b96c38\" data-element_type=\"widget\" data-e-type=\"widget\" data-widget_type=\"text-editor.default\">\n\t\t\t\t\t\t\t\t\t<p>Se Voc\u00ea for um consumidor da Uni\u00e3o Europeia, voc\u00ea se beneficiar\u00e1 de quaisquer disposi\u00e7\u00f5es obrigat\u00f3rias da lei do pa\u00eds em que reside.<\/p>\t\t\t\t\t\t\t\t<\/div>\n\t\t\t\t<div class=\"elementor-element elementor-element-1855778 elementor-widget elementor-widget-heading\" data-id=\"1855778\" data-element_type=\"widget\" data-e-type=\"widget\" data-widget_type=\"heading.default\">\n\t\t\t\t\t<h2 class=\"elementor-heading-title elementor-size-default\">Conformidade legal nos Estados Unidos<\/h2>\t\t\t\t<\/div>\n\t\t\t\t<div class=\"elementor-element elementor-element-4326406 elementor-widget elementor-widget-text-editor\" data-id=\"4326406\" data-element_type=\"widget\" data-e-type=\"widget\" data-widget_type=\"text-editor.default\">\n\t\t\t\t\t\t\t\t\t<p>Voc\u00ea declara e garante que (i) n\u00e3o est\u00e1 localizado em um pa\u00eds que esteja sujeito ao embargo do governo dos Estados Unidos ou que tenha sido designado pelo governo dos Estados Unidos como um pa\u00eds \"apoiador de terroristas\" e (ii) n\u00e3o est\u00e1 relacionado em nenhuma lista do governo dos Estados Unidos de partes proibidas ou restritas.<\/p>\t\t\t\t\t\t\t\t<\/div>\n\t\t\t\t<div class=\"elementor-element elementor-element-cf87737 elementor-widget elementor-widget-heading\" data-id=\"cf87737\" data-element_type=\"widget\" data-e-type=\"widget\" data-widget_type=\"heading.default\">\n\t\t\t\t\t<h2 class=\"elementor-heading-title elementor-size-default\">Divisibilidade e ren\u00fancia<\/h2>\t\t\t\t<\/div>\n\t\t\t\t<div class=\"elementor-element elementor-element-579a0ac elementor-widget elementor-widget-heading\" data-id=\"579a0ac\" data-element_type=\"widget\" data-e-type=\"widget\" data-widget_type=\"heading.default\">\n\t\t\t\t\t<h2 class=\"elementor-heading-title elementor-size-default\">Severidade<\/h2>\t\t\t\t<\/div>\n\t\t\t\t<div class=\"elementor-element elementor-element-3255520 elementor-widget elementor-widget-text-editor\" data-id=\"3255520\" data-element_type=\"widget\" data-e-type=\"widget\" data-widget_type=\"text-editor.default\">\n\t\t\t\t\t\t\t\t\t<p>Se qualquer disposi\u00e7\u00e3o destes Termos for considerada inexequ\u00edvel ou inv\u00e1lida, tal disposi\u00e7\u00e3o ser\u00e1 alterada e interpretada para atingir os objetivos de tal disposi\u00e7\u00e3o na maior medida poss\u00edvel de acordo com a legisla\u00e7\u00e3o aplic\u00e1vel e as disposi\u00e7\u00f5es restantes continuar\u00e3o em pleno vigor e efeito.<\/p>\t\t\t\t\t\t\t\t<\/div>\n\t\t\t\t<div class=\"elementor-element elementor-element-7fa7170 elementor-widget elementor-widget-heading\" data-id=\"7fa7170\" data-element_type=\"widget\" data-e-type=\"widget\" data-widget_type=\"heading.default\">\n\t\t\t\t\t<h2 class=\"elementor-heading-title elementor-size-default\">Ren\u00fancia<\/h2>\t\t\t\t<\/div>\n\t\t\t\t<div class=\"elementor-element elementor-element-ee4f6de elementor-widget elementor-widget-text-editor\" data-id=\"ee4f6de\" data-element_type=\"widget\" data-e-type=\"widget\" data-widget_type=\"text-editor.default\">\n\t\t\t\t\t\t\t\t\t<p>Se qualquer disposi\u00e7\u00e3o destes Termos for considerada inexequ\u00edvel ou inv\u00e1lida, tal disposi\u00e7\u00e3o ser\u00e1 alterada e interpretada para atingir os objetivos de tal disposi\u00e7\u00e3o na maior medida poss\u00edvel de acordo com a legisla\u00e7\u00e3o aplic\u00e1vel e as disposi\u00e7\u00f5es restantes continuar\u00e3o em pleno vigor e efeito.<\/p>\t\t\t\t\t\t\t\t<\/div>\n\t\t\t\t<div class=\"elementor-element elementor-element-fada6dd elementor-widget elementor-widget-heading\" data-id=\"fada6dd\" data-element_type=\"widget\" data-e-type=\"widget\" data-widget_type=\"heading.default\">\n\t\t\t\t\t<h2 class=\"elementor-heading-title elementor-size-default\">Tradu\u00e7\u00e3o Interpreta\u00e7\u00e3o<\/h2>\t\t\t\t<\/div>\n\t\t\t\t<div class=\"elementor-element elementor-element-97707fc elementor-widget elementor-widget-text-editor\" data-id=\"97707fc\" data-element_type=\"widget\" data-e-type=\"widget\" data-widget_type=\"text-editor.default\">\n\t\t\t\t\t\t\t\t\t<p>Estes Termos e Condi\u00e7\u00f5es podem ter sido traduzidos se n\u00f3s os tivermos disponibilizado para voc\u00ea em nosso Servi\u00e7o. Voc\u00ea concorda que o texto original em ingl\u00eas prevalecer\u00e1 em caso de lit\u00edgio.<\/p>\t\t\t\t\t\t\t\t<\/div>\n\t\t\t\t<div class=\"elementor-element elementor-element-60a4843 elementor-widget elementor-widget-heading\" data-id=\"60a4843\" data-element_type=\"widget\" data-e-type=\"widget\" data-widget_type=\"heading.default\">\n\t\t\t\t\t<h2 class=\"elementor-heading-title elementor-size-default\">Altera\u00e7\u00f5es a estes Termos e Condi\u00e7\u00f5es<\/h2>\t\t\t\t<\/div>\n\t\t\t\t<div class=\"elementor-element elementor-element-5f8a751 elementor-widget elementor-widget-text-editor\" data-id=\"5f8a751\" data-element_type=\"widget\" data-e-type=\"widget\" data-widget_type=\"text-editor.default\">\n\t\t\t\t\t\t\t\t\t<p>Reservamo-nos o direito, a nosso crit\u00e9rio exclusivo, de modificar ou substituir estes Termos a qualquer momento. Se uma revis\u00e3o for relevante, envidaremos esfor\u00e7os razo\u00e1veis para fornecer um aviso pr\u00e9vio de pelo menos 30 dias antes da entrada em vigor dos novos termos. O que constitui uma altera\u00e7\u00e3o substancial ser\u00e1 determinado a nosso crit\u00e9rio exclusivo.<\/p><p>Ao continuar a acessar ou usar o nosso Servi\u00e7o ap\u00f3s a entrada em vigor dessas revis\u00f5es, voc\u00ea concorda em ficar vinculado aos termos revisados. Se voc\u00ea n\u00e3o concordar com os novos termos, no todo ou em parte, pare de usar o site e o Servi\u00e7o.<\/p>\t\t\t\t\t\t\t\t<\/div>\n\t\t\t\t<div class=\"elementor-element elementor-element-290b716 elementor-widget elementor-widget-heading\" data-id=\"290b716\" data-element_type=\"widget\" data-e-type=\"widget\" data-widget_type=\"heading.default\">\n\t\t\t\t\t<h2 class=\"elementor-heading-title elementor-size-default\">Contate-nos<\/h2>\t\t\t\t<\/div>\n\t\t\t\t<div class=\"elementor-element elementor-element-51ba616 elementor-widget elementor-widget-text-editor\" data-id=\"51ba616\" data-element_type=\"widget\" data-e-type=\"widget\" data-widget_type=\"text-editor.default\">\n\t\t\t\t\t\t\t\t\t<p>Se tiver alguma d\u00favida sobre estes Termos e Condi\u00e7\u00f5es, entre em contato conosco: <a href=\"mailto:support@tradeaiintal.com\">support@tradeaiintal.com<\/a><\/p>\t\t\t\t\t\t\t\t<\/div>\n\t\t\t\t\t<\/div>\n\t\t\t\t<\/div>\n\t\t\t\t\t<\/div>\n\t\t\t\t<\/div>\n\t\t\t\t\t<\/div>\n\t\t\t\t<\/div>\n\t\t\t\t<\/div>","protected":false},"excerpt":{"rendered":"<p>Terms &amp; Conditions Please read these terms and conditions carefully before using Our Service. Interpretation and Definitions Interpretation The words of which the initial letter is capitalized have meanings defined under the following conditions. The following definitions shall have the same meaning regardless of whether they appear in singular or in plural. Definitions For the [&hellip;]<\/p>\n","protected":false},"author":1,"featured_media":0,"parent":0,"menu_order":0,"comment_status":"closed","ping_status":"closed","template":"elementor_header_footer","meta":{"footnotes":""},"class_list":["post-21","page","type-page","status-publish","hentry"],"_links":{"self":[{"href":"https:\/\/tradeaiintal.com\/pt\/wp-json\/wp\/v2\/pages\/21","targetHints":{"allow":["GET"]}}],"collection":[{"href":"https:\/\/tradeaiintal.com\/pt\/wp-json\/wp\/v2\/pages"}],"about":[{"href":"https:\/\/tradeaiintal.com\/pt\/wp-json\/wp\/v2\/types\/page"}],"author":[{"embeddable":true,"href":"https:\/\/tradeaiintal.com\/pt\/wp-json\/wp\/v2\/users\/1"}],"replies":[{"embeddable":true,"href":"https:\/\/tradeaiintal.com\/pt\/wp-json\/wp\/v2\/comments?post=21"}],"version-history":[{"count":0,"href":"https:\/\/tradeaiintal.com\/pt\/wp-json\/wp\/v2\/pages\/21\/revisions"}],"wp:attachment":[{"href":"https:\/\/tradeaiintal.com\/pt\/wp-json\/wp\/v2\/media?parent=21"}],"curies":[{"name":"wp","href":"https:\/\/api.w.org\/{rel}","templated":true}]}}