{"id":22,"date":"2024-02-12T06:54:44","date_gmt":"2024-02-12T06:54:44","guid":{"rendered":"https:\/\/tradeaiintal.com\/?page_id=22"},"modified":"2025-12-15T11:59:38","modified_gmt":"2025-12-15T11:59:38","slug":"aviso-de-risco","status":"publish","type":"page","link":"https:\/\/tradeaiintal.com\/pt\/risk-warning\/","title":{"rendered":"Aviso de risco"},"content":{"rendered":"<div data-elementor-type=\"wp-page\" data-elementor-id=\"22\" class=\"elementor elementor-22\" data-elementor-post-type=\"page\">\n\t\t\t\t<div class=\"elementor-element elementor-element-f75eb3e e-flex e-con-boxed e-con e-parent\" data-id=\"f75eb3e\" data-element_type=\"container\" data-e-type=\"container\" data-settings=\"{&quot;background_background&quot;:&quot;classic&quot;}\">\n\t\t\t\t\t<div class=\"e-con-inner\">\n\t\t\t\t<div class=\"elementor-element elementor-element-dcd8687 elementor-widget elementor-widget-heading\" data-id=\"dcd8687\" data-element_type=\"widget\" data-e-type=\"widget\" data-widget_type=\"heading.default\">\n\t\t\t\t\t<h1 class=\"elementor-heading-title elementor-size-default\">Aviso de risco<\/h1>\t\t\t\t<\/div>\n\t\t\t\t\t<\/div>\n\t\t\t\t<\/div>\n\t\t<div class=\"elementor-element elementor-element-cb6a645 e-flex e-con-boxed e-con e-parent\" data-id=\"cb6a645\" data-element_type=\"container\" data-e-type=\"container\">\n\t\t\t\t\t<div class=\"e-con-inner\">\n\t\t<div class=\"elementor-element elementor-element-ecab5b5 e-flex e-con-boxed e-con e-child\" data-id=\"ecab5b5\" data-element_type=\"container\" data-e-type=\"container\">\n\t\t\t\t\t<div class=\"e-con-inner\">\n\t\t\t\t<div class=\"elementor-element elementor-element-d8951a7 elementor-widget elementor-widget-text-editor\" data-id=\"d8951a7\" data-element_type=\"widget\" data-e-type=\"widget\" data-widget_type=\"text-editor.default\">\n\t\t\t\t\t\t\t\t\t<p>A negocia\u00e7\u00e3o de moeda estrangeira com margem envolve um alto grau de risco e pode n\u00e3o ser adequada para todos os investidores. O uso de alavancagem pode ampliar significativamente os ganhos e as perdas potenciais em suas atividades de negocia\u00e7\u00e3o. Antes de se envolver em negocia\u00e7\u00f5es forex, \u00e9 essencial avaliar cuidadosamente suas metas financeiras, seu n\u00edvel de experi\u00eancia e sua toler\u00e2ncia a riscos.<\/p><p>\u00c9 imperativo investir somente fundos que voc\u00ea possa se dar ao luxo de perder, pois h\u00e1 uma possibilidade real de sofrer uma perda parcial ou total do seu capital de investimento inicial. Al\u00e9m disso, \u00e9 fundamental compreender totalmente os riscos inerentes associados \u00e0 negocia\u00e7\u00e3o forex, incluindo a volatilidade do mercado, fatores geopol\u00edticos, vari\u00e1veis econ\u00f4micas e mudan\u00e7as regulat\u00f3rias. N\u00e3o se deve confiar no desempenho passado como indicador de resultados futuros.<\/p><p>Antes de participar de uma negocia\u00e7\u00e3o forex, \u00e9 altamente recomend\u00e1vel avaliar minuciosamente sua situa\u00e7\u00e3o financeira geral e seu n\u00edvel de experi\u00eancia, pois a negocia\u00e7\u00e3o forex pode n\u00e3o ser apropriada para todos. As informa\u00e7\u00f5es fornecidas aqui s\u00e3o para fins informativos gerais e n\u00e3o devem ser consideradas como aconselhamento financeiro. Elas n\u00e3o levam em conta suas circunst\u00e2ncias, objetivos ou necessidades financeiras espec\u00edficas. Portanto, \u00e9 altamente recomend\u00e1vel buscar orienta\u00e7\u00e3o financeira independente de profissionais qualificados antes de tomar qualquer decis\u00e3o de investimento.<\/p><p>Al\u00e9m disso, o conte\u00fado apresentado neste site serve como coment\u00e1rio geral de mercado e n\u00e3o deve ser interpretado como orienta\u00e7\u00e3o espec\u00edfica de investimento. Em resumo, a negocia\u00e7\u00e3o forex envolve riscos significativos, e \u00e9 importante reconhecer esses riscos, consultar especialistas financeiros conforme necess\u00e1rio e avaliar cuidadosamente sua prepara\u00e7\u00e3o antes de se envolver em atividades de negocia\u00e7\u00e3o forex.<\/p>\t\t\t\t\t\t\t\t<\/div>\n\t\t\t\t\t<\/div>\n\t\t\t\t<\/div>\n\t\t\t\t\t<\/div>\n\t\t\t\t<\/div>\n\t\t\t\t<\/div>","protected":false},"excerpt":{"rendered":"<p>Risk Warning Trading foreign exchange with margin involves a high degree of risk and may not be suitable for all investors. The use of leverage can significantly magnify both potential gains and losses in your trading activities. Prior to engaging in forex trading, it is essential to carefully assess your financial goals, level of experience, [&hellip;]<\/p>\n","protected":false},"author":1,"featured_media":0,"parent":0,"menu_order":0,"comment_status":"closed","ping_status":"closed","template":"elementor_header_footer","meta":{"footnotes":""},"class_list":["post-22","page","type-page","status-publish","hentry"],"_links":{"self":[{"href":"https:\/\/tradeaiintal.com\/pt\/wp-json\/wp\/v2\/pages\/22","targetHints":{"allow":["GET"]}}],"collection":[{"href":"https:\/\/tradeaiintal.com\/pt\/wp-json\/wp\/v2\/pages"}],"about":[{"href":"https:\/\/tradeaiintal.com\/pt\/wp-json\/wp\/v2\/types\/page"}],"author":[{"embeddable":true,"href":"https:\/\/tradeaiintal.com\/pt\/wp-json\/wp\/v2\/users\/1"}],"replies":[{"embeddable":true,"href":"https:\/\/tradeaiintal.com\/pt\/wp-json\/wp\/v2\/comments?post=22"}],"version-history":[{"count":0,"href":"https:\/\/tradeaiintal.com\/pt\/wp-json\/wp\/v2\/pages\/22\/revisions"}],"wp:attachment":[{"href":"https:\/\/tradeaiintal.com\/pt\/wp-json\/wp\/v2\/media?parent=22"}],"curies":[{"name":"wp","href":"https:\/\/api.w.org\/{rel}","templated":true}]}}